{"id":7328,"date":"2023-08-01T12:14:09","date_gmt":"2023-08-01T09:14:09","guid":{"rendered":"https:\/\/eurodesk.idep.org.cy\/ergazomai-me-gia-tous-neous-nees\/efkairies-chrimatodotisis\/evropaiko-soma-allilengyis\/"},"modified":"2024-02-22T13:51:47","modified_gmt":"2024-02-22T11:51:47","slug":"evropaiko-soma-allilengyis","status":"publish","type":"page","link":"https:\/\/eurodesk.idep.org.cy\/tr\/ergazomai-me-gia-tous-neous-nees\/efkairies-chrimatodotisis\/evropaiko-soma-allilengyis\/","title":{"rendered":"AVRUPA DAYANISMA PROGRAMI"},"content":{"rendered":"\t\t<div data-elementor-type=\"wp-page\" data-elementor-id=\"7328\" class=\"elementor elementor-7328 elementor-5678\">\n\t\t\t\t\t\t<section class=\"elementor-section elementor-top-section elementor-element elementor-element-a109cb7 elementor-section-boxed elementor-section-height-default elementor-section-height-default\" data-id=\"a109cb7\" data-element_type=\"section\" data-e-type=\"section\">\n\t\t\t\t\t\t<div class=\"elementor-container elementor-column-gap-default\">\n\t\t\t\t\t<div class=\"elementor-column elementor-col-100 elementor-top-column elementor-element elementor-element-4d24d6b\" data-id=\"4d24d6b\" data-element_type=\"column\" data-e-type=\"column\">\n\t\t\t<div class=\"elementor-widget-wrap elementor-element-populated\">\n\t\t\t\t\t\t<div class=\"elementor-element elementor-element-8598129 elementor-widget elementor-widget-text-editor\" data-id=\"8598129\" data-element_type=\"widget\" data-e-type=\"widget\" data-widget_type=\"text-editor.default\">\n\t\t\t\t<div class=\"elementor-widget-container\">\n\t\t\t\t\t\t\t\t\t<p>Avrupa Dayan\u0131\u015fma Program\u0131, 18-30 ya\u015f aras\u0131 ki\u015filere kendi \u00fclkelerinde veya yurtd\u0131\u015f\u0131nda Avrupa\u2019daki toplumlar\u0131n ve bireylerin yarar\u0131na g\u00f6n\u00fcll\u00fc olma veya \u00e7al\u0131\u015fma f\u0131rsat\u0131 veren bir Avrupa Birli\u011fi giri\u015fimidir.<\/p><p>Avrupa Dayan\u0131\u015fma Kolordusu\u2019na kat\u0131lmak i\u00e7in Kolordunun \u00f6zel \u00c7evrimi\u00e7i Platformuna kaydolman\u0131z yeterlidir; do\u011fal afetlerin \u00f6nlenmesi veya afet sonras\u0131 rehabilitasyon, s\u0131\u011f\u0131nmac\u0131 merkezlerine yard\u0131m veya di\u011fer \u00e7e\u015fitli sosyal sorunlarla m\u00fccadele dahil olmak \u00fczere \u00e7ok \u00e7e\u015fitli projelere kat\u0131lmak \u00fczere se\u00e7ilebilirsiniz.<\/p><p>Ayr\u0131ca, \u00f6rg\u00fctl\u00fc bir gen\u00e7lik grubunun veya gen\u00e7lik kurulu\u015funun \u00fcyesi olarak, siz ve grubunuz kendi g\u00f6n\u00fcll\u00fcl\u00fck, dayan\u0131\u015fma veya staj projelerinizi hayata ge\u00e7irebilirsiniz.<\/p><p>Avrupa Dayan\u0131\u015fma Program\u0131 taraf\u0131ndan desteklenen projeler iki ila on iki ay aras\u0131nda s\u00fcrmekte ve genellikle Avrupa Birli\u011fi \u00dcye Devletlerinde uygulanmaktad\u0131r.<\/p><p>Avrupa Hayatboyu \u00d6\u011frenme Programlar\u0131 Y\u00f6netimi Vakf\u0131 (IDEP), K\u0131br\u0131s\u2019ta Avrupa Dayan\u0131\u015fma Program\u0131\u2019n\u0131n y\u00f6netiminden sorumlu Ulusal Ajans\u2019t\u0131r.<\/p>\t\t\t\t\t\t\t\t<\/div>\n\t\t\t\t<\/div>\n\t\t\t\t\t<\/div>\n\t\t<\/div>\n\t\t\t\t\t<\/div>\n\t\t<\/section>\n\t\t\t\t<section class=\"elementor-section elementor-top-section elementor-element elementor-element-199c56c elementor-section-content-middle elementor-section-boxed elementor-section-height-default elementor-section-height-default\" data-id=\"199c56c\" data-element_type=\"section\" data-e-type=\"section\">\n\t\t\t\t\t\t<div class=\"elementor-container elementor-column-gap-default\">\n\t\t\t\t\t<div class=\"elementor-column elementor-col-25 elementor-top-column elementor-element elementor-element-37eec7b\" data-id=\"37eec7b\" data-element_type=\"column\" data-e-type=\"column\">\n\t\t\t<div class=\"elementor-widget-wrap\">\n\t\t\t\t\t\t\t<\/div>\n\t\t<\/div>\n\t\t\t\t<div class=\"elementor-column elementor-col-25 elementor-top-column elementor-element elementor-element-e12bebc\" data-id=\"e12bebc\" data-element_type=\"column\" data-e-type=\"column\">\n\t\t\t<div class=\"elementor-widget-wrap elementor-element-populated\">\n\t\t\t\t\t\t<div class=\"elementor-element elementor-element-69d84a0 elementor-align-center elementor-widget elementor-widget-button\" data-id=\"69d84a0\" data-element_type=\"widget\" data-e-type=\"widget\" data-widget_type=\"button.default\">\n\t\t\t\t<div class=\"elementor-widget-container\">\n\t\t\t\t\t\t\t\t\t<div class=\"elementor-button-wrapper\">\n\t\t\t\t\t<a class=\"elementor-button elementor-button-link elementor-size-sm\" href=\"https:\/\/europa.eu\/youth\/solidarity\/projects_el\" target=\"_blank\">\n\t\t\t\t\t\t<span class=\"elementor-button-content-wrapper\">\n\t\t\t\t\t\t<span class=\"elementor-button-icon\">\n\t\t\t\t<i aria-hidden=\"true\" class=\"fas fa-search\"><\/i>\t\t\t<\/span>\n\t\t\t\t\t\t\t\t\t<span class=\"elementor-button-text\">\u0394\u0399\u0391\u0398\u0395\u03a3\u0399\u039c\u0391 \u0395\u03a1\u0393\u0391<\/span>\n\t\t\t\t\t<\/span>\n\t\t\t\t\t<\/a>\n\t\t\t\t<\/div>\n\t\t\t\t\t\t\t\t<\/div>\n\t\t\t\t<\/div>\n\t\t\t\t\t<\/div>\n\t\t<\/div>\n\t\t\t\t<div class=\"elementor-column elementor-col-25 elementor-top-column elementor-element elementor-element-b0deac4\" data-id=\"b0deac4\" data-element_type=\"column\" data-e-type=\"column\">\n\t\t\t<div class=\"elementor-widget-wrap elementor-element-populated\">\n\t\t\t\t\t\t<div class=\"elementor-element elementor-element-148ce37 elementor-align-center elementor-widget elementor-widget-button\" data-id=\"148ce37\" data-element_type=\"widget\" data-e-type=\"widget\" data-widget_type=\"button.default\">\n\t\t\t\t<div class=\"elementor-widget-container\">\n\t\t\t\t\t\t\t\t\t<div class=\"elementor-button-wrapper\">\n\t\t\t\t\t<a class=\"elementor-button elementor-button-link elementor-size-sm\" href=\"https:\/\/europa.eu\/youth\/volunteering\/organisations_el\" target=\"_blank\">\n\t\t\t\t\t\t<span class=\"elementor-button-content-wrapper\">\n\t\t\t\t\t\t<span class=\"elementor-button-icon\">\n\t\t\t\t<i aria-hidden=\"true\" class=\"fas fa-thumbs-up\"><\/i>\t\t\t<\/span>\n\t\t\t\t\t\t\t\t\t<span class=\"elementor-button-text\">\u0394\u0399\u0391\u03a0\u0399\u03a3\u03a4\u0395\u03a5\u039c\u0395\u039d\u0395\u03a3 \u039f\u03a1\u0393\u0391\u039d\u03a9\u03a3\u0395\u0399\u03a3 <\/span>\n\t\t\t\t\t<\/span>\n\t\t\t\t\t<\/a>\n\t\t\t\t<\/div>\n\t\t\t\t\t\t\t\t<\/div>\n\t\t\t\t<\/div>\n\t\t\t\t\t<\/div>\n\t\t<\/div>\n\t\t\t\t<div class=\"elementor-column elementor-col-25 elementor-top-column elementor-element elementor-element-6afe8a8\" data-id=\"6afe8a8\" data-element_type=\"column\" data-e-type=\"column\">\n\t\t\t<div class=\"elementor-widget-wrap\">\n\t\t\t\t\t\t\t<\/div>\n\t\t<\/div>\n\t\t\t\t\t<\/div>\n\t\t<\/section>\n\t\t\t\t<section class=\"elementor-section elementor-top-section elementor-element elementor-element-6fbb9fd elementor-section-boxed elementor-section-height-default elementor-section-height-default\" data-id=\"6fbb9fd\" data-element_type=\"section\" data-e-type=\"section\">\n\t\t\t\t\t\t<div class=\"elementor-container elementor-column-gap-default\">\n\t\t\t\t\t<div class=\"elementor-column elementor-col-100 elementor-top-column elementor-element elementor-element-cf3f7eb\" data-id=\"cf3f7eb\" data-element_type=\"column\" data-e-type=\"column\">\n\t\t\t<div class=\"elementor-widget-wrap elementor-element-populated\">\n\t\t\t\t\t\t<div class=\"elementor-element elementor-element-fb7a1de elementor-widget elementor-widget-image\" data-id=\"fb7a1de\" data-element_type=\"widget\" data-e-type=\"widget\" data-widget_type=\"image.default\">\n\t\t\t\t<div class=\"elementor-widget-container\">\n\t\t\t\t\t\t\t\t\t\t\t\t\t\t\t\t<a href=\"https:\/\/esc.idep.org.cy\/%20\" target=\"_blank\">\n\t\t\t\t\t\t\t<img decoding=\"async\" width=\"398\" height=\"100\" src=\"https:\/\/eurodesk.idep.org.cy\/wp-content\/uploads\/2023\/08\/logo_evropaiko_soma_alilegiis.jpg\" class=\"attachment-full size-full wp-image-7329\" alt=\"\" srcset=\"https:\/\/eurodesk.idep.org.cy\/wp-content\/uploads\/2023\/08\/logo_evropaiko_soma_alilegiis.jpg 398w, https:\/\/eurodesk.idep.org.cy\/wp-content\/uploads\/2023\/08\/logo_evropaiko_soma_alilegiis-300x75.jpg 300w\" sizes=\"(max-width: 398px) 100vw, 398px\" \/>\t\t\t\t\t\t\t\t<\/a>\n\t\t\t\t\t\t\t\t\t\t\t\t\t\t\t<\/div>\n\t\t\t\t<\/div>\n\t\t\t\t\t<\/div>\n\t\t<\/div>\n\t\t\t\t\t<\/div>\n\t\t<\/section>\n\t\t\t\t<\/div>\n\t\t","protected":false},"excerpt":{"rendered":"<p>Avrupa Dayan\u0131\u015fma Program\u0131, 18-30 ya\u015f aras\u0131 ki\u015filere kendi \u00fclkelerinde veya yurtd\u0131\u015f\u0131nda Avrupa\u2019daki toplumlar\u0131n ve bireylerin yarar\u0131na g\u00f6n\u00fcll\u00fc olma veya \u00e7al\u0131\u015fma f\u0131rsat\u0131 veren bir Avrupa Birli\u011fi giri\u015fimidir. Avrupa Dayan\u0131\u015fma Kolordusu\u2019na kat\u0131lmak i\u00e7in Kolordunun \u00f6zel \u00c7evrimi\u00e7i Platformuna kaydolman\u0131z yeterlidir; do\u011fal afetlerin \u00f6nlenmesi veya afet sonras\u0131 rehabilitasyon, s\u0131\u011f\u0131nmac\u0131 merkezlerine yard\u0131m veya di\u011fer \u00e7e\u015fitli sosyal sorunlarla m\u00fccadele dahil olmak [&hellip;]<\/p>\n","protected":false},"author":1,"featured_media":0,"parent":7326,"menu_order":107,"comment_status":"closed","ping_status":"closed","template":"","meta":{"footnotes":""},"class_list":["post-7328","page","type-page","status-publish","hentry"],"_links":{"self":[{"href":"https:\/\/eurodesk.idep.org.cy\/tr\/wp-json\/wp\/v2\/pages\/7328","targetHints":{"allow":["GET"]}}],"collection":[{"href":"https:\/\/eurodesk.idep.org.cy\/tr\/wp-json\/wp\/v2\/pages"}],"about":[{"href":"https:\/\/eurodesk.idep.org.cy\/tr\/wp-json\/wp\/v2\/types\/page"}],"author":[{"embeddable":true,"href":"https:\/\/eurodesk.idep.org.cy\/tr\/wp-json\/wp\/v2\/users\/1"}],"replies":[{"embeddable":true,"href":"https:\/\/eurodesk.idep.org.cy\/tr\/wp-json\/wp\/v2\/comments?post=7328"}],"version-history":[{"count":5,"href":"https:\/\/eurodesk.idep.org.cy\/tr\/wp-json\/wp\/v2\/pages\/7328\/revisions"}],"predecessor-version":[{"id":7483,"href":"https:\/\/eurodesk.idep.org.cy\/tr\/wp-json\/wp\/v2\/pages\/7328\/revisions\/7483"}],"up":[{"embeddable":true,"href":"https:\/\/eurodesk.idep.org.cy\/tr\/wp-json\/wp\/v2\/pages\/7326"}],"wp:attachment":[{"href":"https:\/\/eurodesk.idep.org.cy\/tr\/wp-json\/wp\/v2\/media?parent=7328"}],"curies":[{"name":"wp","href":"https:\/\/api.w.org\/{rel}","templated":true}]}}