{"id":7327,"date":"2023-08-01T12:12:55","date_gmt":"2023-08-01T09:12:55","guid":{"rendered":"https:\/\/eurodesk.idep.org.cy\/ergazomai-me-gia-tous-neous-nees\/efkairies-chrimatodotisis\/erasmus\/"},"modified":"2025-11-26T17:20:26","modified_gmt":"2025-11-26T15:20:26","slug":"erasmus","status":"publish","type":"page","link":"https:\/\/eurodesk.idep.org.cy\/tr\/ergazomai-me-gia-tous-neous-nees\/efkairies-chrimatodotisis\/erasmus\/","title":{"rendered":"Erasmus+"},"content":{"rendered":"\t\t<div data-elementor-type=\"wp-page\" data-elementor-id=\"7327\" class=\"elementor elementor-7327 elementor-5673\">\n\t\t\t\t\t\t<section class=\"elementor-section elementor-top-section elementor-element elementor-element-f118282 elementor-section-boxed elementor-section-height-default elementor-section-height-default\" data-id=\"f118282\" data-element_type=\"section\" data-e-type=\"section\">\n\t\t\t\t\t\t<div class=\"elementor-container elementor-column-gap-default\">\n\t\t\t\t\t<div class=\"elementor-column elementor-col-100 elementor-top-column elementor-element elementor-element-03e9c63\" data-id=\"03e9c63\" data-element_type=\"column\" data-e-type=\"column\">\n\t\t\t<div class=\"elementor-widget-wrap elementor-element-populated\">\n\t\t\t\t\t\t<div class=\"elementor-element elementor-element-786cde2 elementor-widget elementor-widget-text-editor\" data-id=\"786cde2\" data-element_type=\"widget\" data-e-type=\"widget\" data-widget_type=\"text-editor.default\">\n\t\t\t\t<div class=\"elementor-widget-container\">\n\t\t\t\t\t\t\t\t\t<p>Erasmus+, Avrupa Komisyonu&#8217;nun 2021-2027 d\u00f6nemi i\u00e7in e\u011fitim, \u00f6\u011fretim, gen\u00e7lik ve spor program\u0131d\u0131r. Program, Hayat Boyu \u00d6\u011frenmenin t\u00fcm alanlar\u0131nda beceri ve istihdam edilebilirli\u011fi artt\u0131rmay\u0131 ve e\u011fitim, \u00f6\u011fretim ve gen\u00e7lik sistemlerini modernize etmeyi ama\u00e7lamaktad\u0131r.<\/p><p>Hayatboyu \u00d6\u011frenme Vakf\u0131 (IDEP), Erasmus+ program\u0131n\u0131n E\u011fitim ve \u00d6\u011fretim ile Gen\u00e7lik ve Yayg\u0131n \u00d6\u011frenme alanlar\u0131n\u0131n y\u00f6netiminden sorumlu Ulusal Ajans&#8217;t\u0131r. Erasmus+ program\u0131na ili\u015fkin t\u00fcm bilgiler www.erasmus.idep.org.cy adresinde bulunabilir.<\/p><p>Erasmus+ program\u0131 e\u011fitim, \u00f6\u011fretim ve gen\u00e7lik i\u00e7in 3 Temel Eylem \u00a0(Key Actions) etraf\u0131nda yap\u0131land\u0131r\u0131lm\u0131\u015ft\u0131r:<\/p><ol><li><strong>Ana Eylem 1 (KA1\/BD1): Bireylerin \u00d6\u011frenme Hareketlili\u011fi<\/strong><\/li><li><strong>Ana Eylem 2 (KA2\/BB2): \u0130novasyon i\u00e7in i\u015fbirli\u011fi ve iyi uygulamalar\u0131n payla\u015f\u0131m\u0131<\/strong><\/li><li><strong>Ana Eylem 3 (KA3\/BD3): Politika olu\u015fturma ve i\u015fbirli\u011fi i\u00e7in destek<\/strong><\/li><\/ol>\t\t\t\t\t\t\t\t<\/div>\n\t\t\t\t<\/div>\n\t\t\t\t\t<\/div>\n\t\t<\/div>\n\t\t\t\t\t<\/div>\n\t\t<\/section>\n\t\t\t\t<\/div>\n\t\t","protected":false},"excerpt":{"rendered":"<p>Erasmus+, Avrupa Komisyonu&#8217;nun 2021-2027 d\u00f6nemi i\u00e7in e\u011fitim, \u00f6\u011fretim, gen\u00e7lik ve spor program\u0131d\u0131r. Program, Hayat Boyu \u00d6\u011frenmenin t\u00fcm alanlar\u0131nda beceri ve istihdam edilebilirli\u011fi artt\u0131rmay\u0131 ve e\u011fitim, \u00f6\u011fretim ve gen\u00e7lik sistemlerini modernize etmeyi ama\u00e7lamaktad\u0131r. Hayatboyu \u00d6\u011frenme Vakf\u0131 (IDEP), Erasmus+ program\u0131n\u0131n E\u011fitim ve \u00d6\u011fretim ile Gen\u00e7lik ve Yayg\u0131n \u00d6\u011frenme alanlar\u0131n\u0131n y\u00f6netiminden sorumlu Ulusal Ajans&#8217;t\u0131r. Erasmus+ program\u0131na ili\u015fkin t\u00fcm [&hellip;]<\/p>\n","protected":false},"author":1,"featured_media":0,"parent":7326,"menu_order":102,"comment_status":"closed","ping_status":"closed","template":"","meta":{"footnotes":""},"class_list":["post-7327","page","type-page","status-publish","hentry"],"_links":{"self":[{"href":"https:\/\/eurodesk.idep.org.cy\/tr\/wp-json\/wp\/v2\/pages\/7327","targetHints":{"allow":["GET"]}}],"collection":[{"href":"https:\/\/eurodesk.idep.org.cy\/tr\/wp-json\/wp\/v2\/pages"}],"about":[{"href":"https:\/\/eurodesk.idep.org.cy\/tr\/wp-json\/wp\/v2\/types\/page"}],"author":[{"embeddable":true,"href":"https:\/\/eurodesk.idep.org.cy\/tr\/wp-json\/wp\/v2\/users\/1"}],"replies":[{"embeddable":true,"href":"https:\/\/eurodesk.idep.org.cy\/tr\/wp-json\/wp\/v2\/comments?post=7327"}],"version-history":[{"count":14,"href":"https:\/\/eurodesk.idep.org.cy\/tr\/wp-json\/wp\/v2\/pages\/7327\/revisions"}],"predecessor-version":[{"id":7806,"href":"https:\/\/eurodesk.idep.org.cy\/tr\/wp-json\/wp\/v2\/pages\/7327\/revisions\/7806"}],"up":[{"embeddable":true,"href":"https:\/\/eurodesk.idep.org.cy\/tr\/wp-json\/wp\/v2\/pages\/7326"}],"wp:attachment":[{"href":"https:\/\/eurodesk.idep.org.cy\/tr\/wp-json\/wp\/v2\/media?parent=7327"}],"curies":[{"name":"wp","href":"https:\/\/api.w.org\/{rel}","templated":true}]}}