{"id":7316,"date":"2023-07-06T15:32:20","date_gmt":"2023-07-06T12:32:20","guid":{"rendered":"https:\/\/eurodesk.idep.org.cy\/chrisimoi-syndesmoi\/theseis-ergasias\/"},"modified":"2024-02-20T16:17:14","modified_gmt":"2024-02-20T14:17:14","slug":"theseis-ergasias","status":"publish","type":"page","link":"https:\/\/eurodesk.idep.org.cy\/tr\/chrisimoi-syndesmoi\/theseis-ergasias\/","title":{"rendered":"\u0130\u015f \u0130lanlar\u0131"},"content":{"rendered":"","protected":false},"excerpt":{"rendered":"","protected":false},"author":1,"featured_media":0,"parent":7312,"menu_order":71,"comment_status":"closed","ping_status":"closed","template":"","meta":{"footnotes":""},"class_list":["post-7316","page","type-page","status-publish","hentry"],"_links":{"self":[{"href":"https:\/\/eurodesk.idep.org.cy\/tr\/wp-json\/wp\/v2\/pages\/7316","targetHints":{"allow":["GET"]}}],"collection":[{"href":"https:\/\/eurodesk.idep.org.cy\/tr\/wp-json\/wp\/v2\/pages"}],"about":[{"href":"https:\/\/eurodesk.idep.org.cy\/tr\/wp-json\/wp\/v2\/types\/page"}],"author":[{"embeddable":true,"href":"https:\/\/eurodesk.idep.org.cy\/tr\/wp-json\/wp\/v2\/users\/1"}],"replies":[{"embeddable":true,"href":"https:\/\/eurodesk.idep.org.cy\/tr\/wp-json\/wp\/v2\/comments?post=7316"}],"version-history":[{"count":2,"href":"https:\/\/eurodesk.idep.org.cy\/tr\/wp-json\/wp\/v2\/pages\/7316\/revisions"}],"predecessor-version":[{"id":7365,"href":"https:\/\/eurodesk.idep.org.cy\/tr\/wp-json\/wp\/v2\/pages\/7316\/revisions\/7365"}],"up":[{"embeddable":true,"href":"https:\/\/eurodesk.idep.org.cy\/tr\/wp-json\/wp\/v2\/pages\/7312"}],"wp:attachment":[{"href":"https:\/\/eurodesk.idep.org.cy\/tr\/wp-json\/wp\/v2\/media?parent=7316"}],"curies":[{"name":"wp","href":"https:\/\/api.w.org\/{rel}","templated":true}]}}