{"id":7315,"date":"2023-07-06T15:32:42","date_gmt":"2023-07-06T12:32:42","guid":{"rendered":"https:\/\/eurodesk.idep.org.cy\/chrisimoi-syndesmoi\/chartis-istotopou\/"},"modified":"2024-02-20T16:17:05","modified_gmt":"2024-02-20T14:17:05","slug":"chartis-istotopou","status":"publish","type":"page","link":"https:\/\/eurodesk.idep.org.cy\/tr\/chrisimoi-syndesmoi\/chartis-istotopou\/","title":{"rendered":"Web sitesi haritas\u0131"},"content":{"rendered":"\t\t<div data-elementor-type=\"wp-page\" data-elementor-id=\"7315\" class=\"elementor elementor-7315 elementor-4752\">\n\t\t\t\t\t\t<section class=\"elementor-section elementor-top-section elementor-element elementor-element-54988c15 elementor-section-boxed elementor-section-height-default elementor-section-height-default\" data-id=\"54988c15\" data-element_type=\"section\" data-e-type=\"section\">\n\t\t\t\t\t\t<div class=\"elementor-container elementor-column-gap-default\">\n\t\t\t\t\t<div class=\"elementor-column elementor-col-100 elementor-top-column elementor-element elementor-element-4639d772\" data-id=\"4639d772\" data-element_type=\"column\" data-e-type=\"column\">\n\t\t\t<div class=\"elementor-widget-wrap elementor-element-populated\">\n\t\t\t\t\t\t<div class=\"elementor-element elementor-element-5eab5f2f privacy elementor-widget elementor-widget-shortcode\" data-id=\"5eab5f2f\" data-element_type=\"widget\" data-e-type=\"widget\" data-widget_type=\"shortcode.default\">\n\t\t\t\t<div class=\"elementor-widget-container\">\n\t\t\t\t\t\t\t<div class=\"elementor-shortcode\">\n<!-- Page-list plugin v.5.9 wordpress.org\/plugins\/page-list\/ -->\n<ul class=\"page-list \">\n<li class=\"page_item page-item-7388\"><a href=\"https:\/\/eurodesk.idep.org.cy\/tr\/\">Ana Sayfa<\/a><\/li>\n<li class=\"page_item page-item-7156 page_item_has_children\"><a href=\"https:\/\/eurodesk.idep.org.cy\/tr\/schetika-me-emas\/\">HAKKIMIZDA<\/a>\n<ul class='children'>\n\t<li class=\"page_item page-item-7295\"><a href=\"https:\/\/eurodesk.idep.org.cy\/tr\/schetika-me-emas\/eurodesk\/\">EURODESK<\/a><\/li>\n\t<li class=\"page_item page-item-7297\"><a href=\"https:\/\/eurodesk.idep.org.cy\/tr\/schetika-me-emas\/eurodesk-kyprou\/\">EURODESK KIBRIS<\/a><\/li>\n\t<li class=\"page_item page-item-7298\"><a href=\"https:\/\/eurodesk.idep.org.cy\/tr\/schetika-me-emas\/efropaiki-diktyaki-pyli-tis-neolaias\/\">AVRUPA GEN\u00c7LI\u0307K PORTALI<\/a><\/li>\n<\/ul>\n<\/li>\n<li class=\"page_item page-item-7158 page_item_has_children\"><a href=\"https:\/\/eurodesk.idep.org.cy\/tr\/efkairies\/\">FIRSATLAR<\/a>\n<ul class='children'>\n\t<li class=\"page_item page-item-7300\"><a href=\"https:\/\/eurodesk.idep.org.cy\/tr\/efkairies\/time-to-move\/\">TIME TO MOVE<\/a><\/li>\n\t<li class=\"page_item page-item-7302\"><a href=\"https:\/\/eurodesk.idep.org.cy\/tr\/efkairies\/anazitisi-efkairion\/\">FIRSAT ARAYI\u015eI<\/a><\/li>\n\t<li class=\"page_item page-item-7303\"><a href=\"https:\/\/eurodesk.idep.org.cy\/tr\/efkairies\/erasmus\/\">\u0395RASMUS+<\/a><\/li>\n\t<li class=\"page_item page-item-7304\"><a href=\"https:\/\/eurodesk.idep.org.cy\/tr\/efkairies\/efropaiko-soma-allilengyis\/\">AVRUPA DAYANISMA PROGRAMI<\/a><\/li>\n\t<li class=\"page_item page-item-7159 page_item_has_children\"><a href=\"https:\/\/eurodesk.idep.org.cy\/tr\/efkairies\/youth-stories\/\">GEN\u00c7LI\u0307K HI\u0307KAYELERI\u0307<\/a>\n\t<ul class='children'>\n\t\t<li class=\"page_item page-item-7306\"><a href=\"https:\/\/eurodesk.idep.org.cy\/tr\/efkairies\/youth-stories\/ergasia-mathisi\/\">\u0130\u015f\/\u00d6\u011frenim<\/a><\/li>\n\t\t<li class=\"page_item page-item-7307\"><a href=\"https:\/\/eurodesk.idep.org.cy\/tr\/efkairies\/youth-stories\/ethelontismos\/\">G\u00f6n\u00fcll\u00fcl\u00fck<\/a><\/li>\n\t\t<li class=\"page_item page-item-7308\"><a href=\"https:\/\/eurodesk.idep.org.cy\/tr\/efkairies\/youth-stories\/symmetochi\/\">Kat\u0131l\u0131m<\/a><\/li>\n\t\t<li class=\"page_item page-item-7309\"><a href=\"https:\/\/eurodesk.idep.org.cy\/tr\/efkairies\/youth-stories\/antallages-neon\/\">Gen\u00e7lik De\u011fi\u015fimleri<\/a><\/li>\n\t\t<li class=\"page_item page-item-7310\"><a href=\"https:\/\/eurodesk.idep.org.cy\/tr\/efkairies\/youth-stories\/discovereu\/\">DiscoverEU<\/a><\/li>\n\t\t<li class=\"page_item page-item-7311\"><a href=\"https:\/\/eurodesk.idep.org.cy\/tr\/efkairies\/youth-stories\/multipliers-stories\/\">\u00c7o\u011falt\u0131c\u0131lar\u0131n Hikayeleri<\/a><\/li>\n\t<\/ul>\n<\/li>\n<\/ul>\n<\/li>\n<li class=\"page_item page-item-7161\"><a href=\"https:\/\/eurodesk.idep.org.cy\/tr\/nea-ekdiloseis\/\">HABERLER &#8211; ETK\u0130NL\u0130KLER<\/a><\/li>\n<li class=\"page_item page-item-7312 page_item_has_children\"><a href=\"https:\/\/eurodesk.idep.org.cy\/tr\/chrisimoi-syndesmoi\/\">Faydal\u0131 Bilgiler<\/a>\n<ul class='children'>\n\t<li class=\"page_item page-item-7313\"><a href=\"https:\/\/eurodesk.idep.org.cy\/tr\/chrisimoi-syndesmoi\/politiki-aporritou\/\">Gizlilik Politikas\u0131<\/a><\/li>\n\t<li class=\"page_item page-item-7314\"><a href=\"https:\/\/eurodesk.idep.org.cy\/tr\/chrisimoi-syndesmoi\/politiki-cookies\/\">Cookies Politikas\u0131<\/a><\/li>\n\t<li class=\"page_item page-item-7315\"><a href=\"https:\/\/eurodesk.idep.org.cy\/tr\/chrisimoi-syndesmoi\/chartis-istotopou\/\">Web sitesi haritas\u0131<\/a><\/li>\n\t<li class=\"page_item page-item-7316\"><a href=\"https:\/\/eurodesk.idep.org.cy\/tr\/chrisimoi-syndesmoi\/theseis-ergasias\/\">\u0130\u015f \u0130lanlar\u0131<\/a><\/li>\n\t<li class=\"page_item page-item-7317\"><a href=\"https:\/\/eurodesk.idep.org.cy\/tr\/chrisimoi-syndesmoi\/proteraiotites-entaksis-kai-polymorfias\/\">Hayatboyu \u00d6\u011frenme Enstit\u00fcs\u00fc&#8217;n\u00fcn Erasmus+ ba\u011flam\u0131nda Kapsay\u0131c\u0131l\u0131k ve \u00c7e\u015fitlilik i\u00e7in Hayatboyu \u00d6\u011frenme Stratejisi<\/a><\/li>\n<\/ul>\n<\/li>\n<li class=\"page_item page-item-7163\"><a href=\"https:\/\/eurodesk.idep.org.cy\/tr\/epikoinonia\/\">\u0130LET\u0130\u015e\u0130M<\/a><\/li>\n<li class=\"page_item page-item-7318\"><a href=\"https:\/\/eurodesk.idep.org.cy\/tr\/eimai-neos-nea\/\">Gencim<\/a><\/li>\n<li class=\"page_item page-item-7319 page_item_has_children\"><a href=\"https:\/\/eurodesk.idep.org.cy\/tr\/ergazomai-me-gia-tous-neous-nees\/\">Gen\u00e7lerle\/gen\u00e7ler i\u00e7in \u00e7al\u0131\u015f\u0131yorum<\/a>\n<ul class='children'>\n\t<li class=\"page_item page-item-7320 page_item_has_children\"><a href=\"https:\/\/eurodesk.idep.org.cy\/tr\/ergazomai-me-gia-tous-neous-nees\/synergasia-me-to-eurodesk-cyprus\/\">ile i\u015fbirli\u011fi Eurodesk K\u0131br\u0131s<\/a>\n\t<ul class='children'>\n\t\t<li class=\"page_item page-item-7321 page_item_has_children\"><a href=\"https:\/\/eurodesk.idep.org.cy\/tr\/ergazomai-me-gia-tous-neous-nees\/synergasia-me-to-eurodesk-cyprus\/ekpaideftikes-drastiriotites\/\">E\u011fitim faaliyetleri<\/a>\n\t\t<ul class='children'>\n\t\t\t<li class=\"page_item page-item-7323\"><a href=\"https:\/\/eurodesk.idep.org.cy\/tr\/ergazomai-me-gia-tous-neous-nees\/synergasia-me-to-eurodesk-cyprus\/ekpaideftikes-drastiriotites\/euro-participation\/\">Avrupa Kat\u0131l\u0131m<\/a><\/li>\n\t\t\t<li class=\"page_item page-item-7324\"><a href=\"https:\/\/eurodesk.idep.org.cy\/tr\/ergazomai-me-gia-tous-neous-nees\/synergasia-me-to-eurodesk-cyprus\/ekpaideftikes-drastiriotites\/euro-volunteering\/\">Avrupa G\u00f6n\u00fcll\u00fcl\u00fck<\/a><\/li>\n\t\t<\/ul>\n<\/li>\n\t\t<li class=\"page_item page-item-7325\"><a href=\"https:\/\/eurodesk.idep.org.cy\/tr\/ergazomai-me-gia-tous-neous-nees\/synergasia-me-to-eurodesk-cyprus\/diktyo-eurodesk-cyprus\/\">Eurodesk A\u011f\u0131 K\u0131br\u0131s<\/a><\/li>\n\t<\/ul>\n<\/li>\n\t<li class=\"page_item page-item-7326 page_item_has_children\"><a href=\"https:\/\/eurodesk.idep.org.cy\/tr\/ergazomai-me-gia-tous-neous-nees\/efkairies-chrimatodotisis\/\">Finansman\u0131 f\u0131rsatlar\u0131<\/a>\n\t<ul class='children'>\n\t\t<li class=\"page_item page-item-7327\"><a href=\"https:\/\/eurodesk.idep.org.cy\/tr\/ergazomai-me-gia-tous-neous-nees\/efkairies-chrimatodotisis\/erasmus\/\">Erasmus+<\/a><\/li>\n\t\t<li class=\"page_item page-item-7328\"><a href=\"https:\/\/eurodesk.idep.org.cy\/tr\/ergazomai-me-gia-tous-neous-nees\/efkairies-chrimatodotisis\/evropaiko-soma-allilengyis\/\">AVRUPA DAYANISMA PROGRAMI<\/a><\/li>\n\t<\/ul>\n<\/li>\n<\/ul>\n<\/li>\n\n<\/ul><\/div>\n\t\t\t\t\t\t<\/div>\n\t\t\t\t<\/div>\n\t\t\t\t\t<\/div>\n\t\t<\/div>\n\t\t\t\t\t<\/div>\n\t\t<\/section>\n\t\t\t\t<\/div>\n\t\t","protected":false},"excerpt":{"rendered":"","protected":false},"author":1,"featured_media":0,"parent":7312,"menu_order":68,"comment_status":"closed","ping_status":"closed","template":"","meta":{"footnotes":""},"class_list":["post-7315","page","type-page","status-publish","hentry"],"_links":{"self":[{"href":"https:\/\/eurodesk.idep.org.cy\/tr\/wp-json\/wp\/v2\/pages\/7315","targetHints":{"allow":["GET"]}}],"collection":[{"href":"https:\/\/eurodesk.idep.org.cy\/tr\/wp-json\/wp\/v2\/pages"}],"about":[{"href":"https:\/\/eurodesk.idep.org.cy\/tr\/wp-json\/wp\/v2\/types\/page"}],"author":[{"embeddable":true,"href":"https:\/\/eurodesk.idep.org.cy\/tr\/wp-json\/wp\/v2\/users\/1"}],"replies":[{"embeddable":true,"href":"https:\/\/eurodesk.idep.org.cy\/tr\/wp-json\/wp\/v2\/comments?post=7315"}],"version-history":[{"count":2,"href":"https:\/\/eurodesk.idep.org.cy\/tr\/wp-json\/wp\/v2\/pages\/7315\/revisions"}],"predecessor-version":[{"id":7366,"href":"https:\/\/eurodesk.idep.org.cy\/tr\/wp-json\/wp\/v2\/pages\/7315\/revisions\/7366"}],"up":[{"embeddable":true,"href":"https:\/\/eurodesk.idep.org.cy\/tr\/wp-json\/wp\/v2\/pages\/7312"}],"wp:attachment":[{"href":"https:\/\/eurodesk.idep.org.cy\/tr\/wp-json\/wp\/v2\/media?parent=7315"}],"curies":[{"name":"wp","href":"https:\/\/api.w.org\/{rel}","templated":true}]}}