{"id":7314,"date":"2023-07-06T15:33:56","date_gmt":"2023-07-06T12:33:56","guid":{"rendered":"https:\/\/eurodesk.idep.org.cy\/chrisimoi-syndesmoi\/politiki-cookies\/"},"modified":"2024-02-20T15:44:03","modified_gmt":"2024-02-20T13:44:03","slug":"politiki-cookies","status":"publish","type":"page","link":"https:\/\/eurodesk.idep.org.cy\/tr\/chrisimoi-syndesmoi\/politiki-cookies\/","title":{"rendered":"Cookies Politikas\u0131"},"content":{"rendered":"\t\t<div data-elementor-type=\"wp-page\" data-elementor-id=\"7314\" class=\"elementor elementor-7314 elementor-4754\">\n\t\t\t\t\t\t<section class=\"elementor-section elementor-top-section elementor-element elementor-element-27c9378 elementor-section-boxed elementor-section-height-default elementor-section-height-default\" data-id=\"27c9378\" data-element_type=\"section\" data-e-type=\"section\">\n\t\t\t\t\t\t<div class=\"elementor-container elementor-column-gap-default\">\n\t\t\t\t\t<div class=\"elementor-column elementor-col-100 elementor-top-column elementor-element elementor-element-0e05f90\" data-id=\"0e05f90\" data-element_type=\"column\" data-e-type=\"column\">\n\t\t\t<div class=\"elementor-widget-wrap elementor-element-populated\">\n\t\t\t\t\t\t<div class=\"elementor-element elementor-element-01d7412 privacy elementor-widget elementor-widget-text-editor\" data-id=\"01d7412\" data-element_type=\"widget\" data-e-type=\"widget\" data-widget_type=\"text-editor.default\">\n\t\t\t\t<div class=\"elementor-widget-container\">\n\t\t\t\t\t\t\t\t\t<h3>Cookies Politikas\u0131<\/h3><p>Bu, K\u0131br\u0131s&#8217;taki Avrupa Hayat Boyu \u00d6\u011frenme Programlar\u0131 Y\u00f6netimi Vakf\u0131&#8217;n\u0131n Cookies Politikas\u0131d\u0131r.<\/p><h3>Cookies\u00a0 Nedir<\/h3><p>Cookies, bir web sitesini ziyaret etti\u011finizde web sitesinin bilgisayar\u0131n\u0131zda veya mobil cihaz\u0131n\u0131zda depolad\u0131\u011f\u0131 k\u00fc\u00e7\u00fck bir veri par\u00e7as\u0131d\u0131r.\u00a0 Web sitesinin, kullan\u0131c\u0131n\u0131n daha \u00f6nce form alanlar\u0131na girdi\u011fi adlar, adresler, \u015fifreler ve di\u011fer g\u00f6r\u00fcnt\u00fcleme tercihleri gibi bilgileri belirli bir s\u00fcre i\u00e7in hat\u0131rlamas\u0131n\u0131 sa\u011flar, b\u00f6ylece siteye her d\u00f6nd\u00fc\u011f\u00fcn\u00fczde veya bir sayfadan di\u011ferine ge\u00e7ti\u011finizde bunlar\u0131 yeniden girmeniz gerekmez.<\/p><h3>Cookies`i Nas\u0131l Kullan\u0131yoruz ve Y\u00f6netiyoruz<\/h3><p>Cookies&#8217;i a\u015fa\u011f\u0131da ayr\u0131nt\u0131lar\u0131 verilen \u00e7e\u015fitli nedenlerle kullan\u0131yoruz.\u00a0 \u0130htiyac\u0131n\u0131z olup olmad\u0131\u011f\u0131ndan emin de\u011filseniz, kulland\u0131\u011f\u0131n\u0131z bir hizmeti sa\u011flamak i\u00e7in kullan\u0131lmalar\u0131 durumunda t\u00fcm \u00e7erezleri b\u0131rakman\u0131z \u00f6nerilir. T\u00fcm \u00e7erezleri engellemek, bir\u00e7ok web sitesinin kullan\u0131labilirli\u011fi \u00fczerinde olumsuz bir etkiye sahip olacakt\u0131r. Cookies&#8217;i engellerseniz, web sitemizdeki t\u00fcm \u00f6zellikleri kullanamazs\u0131n\u0131z. Dilerseniz Cookies&#8217;i kontrol edebilir ve\/veya silebilirsiniz &#8211; aboutcookies.org adresindeki ayr\u0131nt\u0131lara bak\u0131n. Bilgisayar\u0131n\u0131zda halihaz\u0131rda bulunan t\u00fcm Cookies&#8217;i silebilir ve \u00e7o\u011fu taray\u0131c\u0131y\u0131 bunlar\u0131n y\u00fcklenmesini \u00f6nleyecek \u015fekilde ayarlayabilirsiniz.<\/p><h3>\u00dc\u00e7\u00fcnc\u00fc Taraf Cookiesi<\/h3><p>Zaman zaman yeni \u00f6zellikleri test ediyor ve sitenin sunulma bi\u00e7iminde k\u00fc\u00e7\u00fck de\u011fi\u015fiklikler yap\u0131yoruz.\u00a0 Yeni \u00f6zellikleri test etmeye devam ederken, bu \u00e7erezler sitede tutarl\u0131 bir deneyim ya\u015faman\u0131z\u0131 sa\u011flamak ve kullan\u0131c\u0131lar\u0131m\u0131z\u0131n en \u00e7ok hangi optimizasyonlara de\u011fer verdi\u011fini anlamam\u0131z\u0131 sa\u011flamak i\u00e7in kullan\u0131labilir. Ayr\u0131ca bu sitede sosyal a\u011f\u0131n\u0131zla \u00e7e\u015fitli \u015fekillerde ba\u011flant\u0131 kurman\u0131z\u0131 sa\u011flayan sosyal medya d\u00fc\u011fmeleri ve\/veya eklentileri kullan\u0131yoruz.\u00a0 Bunun \u00e7al\u0131\u015fmas\u0131 i\u00e7in, Facebook ve Youtube&#8217;un sosyal a\u011f sitesi, web sitemiz arac\u0131l\u0131\u011f\u0131yla Cookies ayarlayacakt\u0131r; bunlar, sitelerindeki profilinizi geli\u015ftirmek veya ilgili gizlilik politikalar\u0131nda a\u00e7\u0131klanan \u00e7e\u015fitli ama\u00e7lar i\u00e7in tutulan verilere katk\u0131da bulunmak i\u00e7in kullan\u0131labilir.<\/p><h3>Google Yaz\u0131 Tipleri<\/h3><p>Ki\u015fisel Veriler: Kullan\u0131m Verileri ve Hizmetin Gizlilik Politikas\u0131nda tan\u0131mlanan \u00e7e\u015fitli Veri t\u00fcrleri.<\/p><h3>Analizler<\/h3><p>Google Analiz Ki\u015fisel Verileri: Cookies ve Kullan\u0131m Verileri<\/p><h3>Di\u011fer Web Siteleri<\/h3><p>Bu web sitesi, di\u011fer web sitelerine ba\u011flant\u0131lar veya bu web sitesinin i\u00e7eri\u011finin sosyal medyan\u0131zda payla\u015f\u0131lmas\u0131n\u0131 kolayla\u015ft\u0131ran ara\u00e7lar i\u00e7erebilir.\u00a0 Bu t\u00fcr ba\u011flant\u0131lar\u0131 veya ara\u00e7lar\u0131 kullanman\u0131z iste\u011fe ba\u011fl\u0131d\u0131r ve NETinfo Technologies \u00fc\u00e7\u00fcnc\u00fc taraflar\u0131n gizlilik politikalar\u0131ndan veya uygulamalar\u0131ndan sorumlu de\u011fildir.<\/p><h3>\u00dc\u00e7\u00fcnc\u00fc taraf hesaplar\u0131na eri\u015fim<\/h3><p>Facebook hesap Haklar\u0131&#8217;na eri\u015fim: Cookies A\u015fa\u011f\u0131daki sosyal medya sitelerini i\u015fletmek i\u00e7in Facebook ve YouTube, web sitemiz arac\u0131l\u0131\u011f\u0131yla, sitelerindeki profilinizi geli\u015ftirmek veya ilgili gizlilik politikalar\u0131nda a\u00e7\u0131klanan \u00e7e\u015fitli ama\u00e7lar i\u00e7in tuttuklar\u0131 verilere katk\u0131da bulunmak i\u00e7in kullan\u0131labilecek \u00e7erezler ayarlayacakt\u0131r.<\/p><h3>Harici sosyal a\u011flar ve platformlarla etkile\u015fim<\/h3><p>Facebook d\u00fc\u011fmeleri ve sosyal widget&#8217;lar Ki\u015fisel Veriler: Cookies ve Kullan\u0131m Verileri<\/p><h3>\u0130stenmeyen e-posta korumas\u0131 (SPAM)<\/h3><p>Google reCAPTCHA Ki\u015fisel Veriler : Cookies ve Kullan\u0131m Verileri<\/p><h3>Google Haritalar G\u00f6rsel Harita \u00d6\u011fesi<\/h3><p>Ki\u015fisel Veriler: Cookies ve Kullan\u0131m Verileri<\/p><h3>B\u00fclten posta listesi g\u00f6nderme formu<\/h3><p>Ki\u015fisel Veriler: e-posta adresi, ad ve soyad. Faaliyetlerimiz hakk\u0131nda bilgi almak i\u00e7in web sitesi haber b\u00fclteni posta listemize abone oldu\u011funuzda sizden bilgi toplar\u0131z.\u00a0 https:\/\/idep.org.cy\/ web sitesi haber b\u00fclteni posta listemize abone oldu\u011funuzda, e-posta adresinizi, ad\u0131n\u0131z\u0131 ve soyad\u0131n\u0131z\u0131 girmeniz istenecektir.\u00a0 Bununla birlikte, web sitemizi haber b\u00fclteni posta formumuza herhangi bir veri girmeden anonim olarak ziyaret edebilirsiniz.<\/p>\t\t\t\t\t\t\t\t<\/div>\n\t\t\t\t<\/div>\n\t\t\t\t\t<\/div>\n\t\t<\/div>\n\t\t\t\t\t<\/div>\n\t\t<\/section>\n\t\t\t\t<\/div>\n\t\t","protected":false},"excerpt":{"rendered":"<p>Cookies Politikas\u0131 Bu, K\u0131br\u0131s&#8217;taki Avrupa Hayat Boyu \u00d6\u011frenme Programlar\u0131 Y\u00f6netimi Vakf\u0131&#8217;n\u0131n Cookies Politikas\u0131d\u0131r. Cookies\u00a0 Nedir Cookies, bir web sitesini ziyaret etti\u011finizde web sitesinin bilgisayar\u0131n\u0131zda veya mobil cihaz\u0131n\u0131zda depolad\u0131\u011f\u0131 k\u00fc\u00e7\u00fck bir veri par\u00e7as\u0131d\u0131r.\u00a0 Web sitesinin, kullan\u0131c\u0131n\u0131n daha \u00f6nce form alanlar\u0131na girdi\u011fi adlar, adresler, \u015fifreler ve di\u011fer g\u00f6r\u00fcnt\u00fcleme tercihleri gibi bilgileri belirli bir s\u00fcre i\u00e7in hat\u0131rlamas\u0131n\u0131 sa\u011flar, [&hellip;]<\/p>\n","protected":false},"author":1,"featured_media":0,"parent":7312,"menu_order":65,"comment_status":"closed","ping_status":"closed","template":"","meta":{"footnotes":""},"class_list":["post-7314","page","type-page","status-publish","hentry"],"_links":{"self":[{"href":"https:\/\/eurodesk.idep.org.cy\/tr\/wp-json\/wp\/v2\/pages\/7314","targetHints":{"allow":["GET"]}}],"collection":[{"href":"https:\/\/eurodesk.idep.org.cy\/tr\/wp-json\/wp\/v2\/pages"}],"about":[{"href":"https:\/\/eurodesk.idep.org.cy\/tr\/wp-json\/wp\/v2\/types\/page"}],"author":[{"embeddable":true,"href":"https:\/\/eurodesk.idep.org.cy\/tr\/wp-json\/wp\/v2\/users\/1"}],"replies":[{"embeddable":true,"href":"https:\/\/eurodesk.idep.org.cy\/tr\/wp-json\/wp\/v2\/comments?post=7314"}],"version-history":[{"count":9,"href":"https:\/\/eurodesk.idep.org.cy\/tr\/wp-json\/wp\/v2\/pages\/7314\/revisions"}],"predecessor-version":[{"id":7408,"href":"https:\/\/eurodesk.idep.org.cy\/tr\/wp-json\/wp\/v2\/pages\/7314\/revisions\/7408"}],"up":[{"embeddable":true,"href":"https:\/\/eurodesk.idep.org.cy\/tr\/wp-json\/wp\/v2\/pages\/7312"}],"wp:attachment":[{"href":"https:\/\/eurodesk.idep.org.cy\/tr\/wp-json\/wp\/v2\/media?parent=7314"}],"curies":[{"name":"wp","href":"https:\/\/api.w.org\/{rel}","templated":true}]}}