{"id":7313,"date":"2023-07-06T15:34:20","date_gmt":"2023-07-06T12:34:20","guid":{"rendered":"https:\/\/eurodesk.idep.org.cy\/chrisimoi-syndesmoi\/politiki-aporritou\/"},"modified":"2024-02-20T15:47:35","modified_gmt":"2024-02-20T13:47:35","slug":"politiki-aporritou","status":"publish","type":"page","link":"https:\/\/eurodesk.idep.org.cy\/tr\/chrisimoi-syndesmoi\/politiki-aporritou\/","title":{"rendered":"Gizlilik Politikas\u0131"},"content":{"rendered":"\t\t<div data-elementor-type=\"wp-page\" data-elementor-id=\"7313\" class=\"elementor elementor-7313 elementor-4756\">\n\t\t\t\t\t\t<section class=\"elementor-section elementor-top-section elementor-element elementor-element-e4b4cfb privacy elementor-section-boxed elementor-section-height-default elementor-section-height-default\" data-id=\"e4b4cfb\" data-element_type=\"section\" data-e-type=\"section\">\n\t\t\t\t\t\t<div class=\"elementor-container elementor-column-gap-default\">\n\t\t\t\t\t<div class=\"elementor-column elementor-col-100 elementor-top-column elementor-element elementor-element-de6f648\" data-id=\"de6f648\" data-element_type=\"column\" data-e-type=\"column\">\n\t\t\t<div class=\"elementor-widget-wrap elementor-element-populated\">\n\t\t\t\t\t\t<div class=\"elementor-element elementor-element-7531d1b elementor-widget elementor-widget-text-editor\" data-id=\"7531d1b\" data-element_type=\"widget\" data-e-type=\"widget\" data-widget_type=\"text-editor.default\">\n\t\t\t\t<div class=\"elementor-widget-container\">\n\t\t\t\t\t\t\t\t\t<h3>1. Giri\u015f<\/h3><p>Avrupa Hayat Boyu \u00d6\u011frenme Programlar\u0131 Y\u00f6netimi Vakf\u0131 (&#8220;IDEP&#8221;) toplad\u0131\u011f\u0131 veriler ve bu verileri nas\u0131l kulland\u0131\u011f\u0131 konusunda \u015feffaf olmak ister.\u00a0 Sizinle olan ili\u015fkimiz s\u00fcresince ki\u015fisel verileri toplayabilir ve i\u015fleyebiliriz. Ki\u015fisel verilerin toplanmas\u0131 ve i\u015flenmesi, 27 Nisan 2016 tarihli Avrupa Parlamentosu ve Konseyi&#8217;nin (AB) 2016\/679 say\u0131l\u0131 T\u00fcz\u00fc\u011f\u00fc ve de\u011fi\u015ftirildi\u011fi \u015fekliyle Ki\u015fisel Verilerin \u0130\u015flenmesi ve Bu T\u00fcr Verilerin Serbest Dola\u015f\u0131m\u0131 ile \u0130lgili Olarak Bireylerin Korunmas\u0131 Yasas\u0131 (125(I)\/2018) ve zaman zaman de\u011fi\u015ftirildi\u011fi \u015fekliyle di\u011fer ge\u00e7erli veri koruma yasalar\u0131 h\u00fck\u00fcmlerine uygun olarak ger\u00e7ekle\u015ftirilir, Bu Gizlilik Bildirimi, uygulamalar\u0131, ki\u015fisel veri t\u00fcrlerini, ki\u015fisel verileri ne kadar s\u00fcre sakland\u0131\u011f\u0131n\u0131, toplad\u0131\u011f\u0131m\u0131z ve ba\u015fka ilgili bilgiler a\u00e7\u0131klar.<\/p><h3>2. \u0130lkelerimiz<\/h3><p>Ki\u015fisel verilerinizi i\u015fledi\u011fimiz zaman:<\/p><p>Yasal ve \u015feffaf bir \u015fekilde i\u015flenir. Bu, ki\u015fisel verilerinizin i\u015flenmesi hakk\u0131nda size bilgi verdi\u011fimiz (\u015feffafl\u0131k), i\u015flemenin size verilen tan\u0131ma uygun oldu\u011fu (tarafs\u0131zl\u0131k) ve GDPR Veri Koruma Sertifikasyon Program\u0131nda belirtilen yasal dayanaklardan en az birine dayand\u0131\u011f\u0131 (yasall\u0131k) anlam\u0131na gelir.<\/p><p>Bunlar belirli, a\u00e7\u0131k ve me\u015fru ama\u00e7lar i\u00e7in toplan\u0131r ve bu ama\u00e7larla uyumsuz bir \u015fekilde i\u015flenmez. (&#8220;ama\u00e7 s\u0131n\u0131rlamas\u0131&#8221;). Bunun, tam olarak hangi ki\u015fisel verilerin topland\u0131\u011f\u0131n\u0131, kullan\u0131m amac\u0131n\u0131 belirtti\u011fimiz ve ki\u015fisel verilerin i\u015flenmesini yaln\u0131zca ilgili amaca ula\u015fmak i\u00e7in gerekli olanla s\u0131n\u0131rlad\u0131\u011f\u0131m\u0131z anlam\u0131na gelir.<\/p><p>Yeterli, ilgili ve i\u015flenme ama\u00e7lar\u0131na g\u00f6re gerekli olanla s\u0131n\u0131rl\u0131d\u0131r (&#8220;veri minimizasyonu&#8221;). Gerekli olan\u0131n \u00f6tesinde herhangi bir ki\u015fisel veriyi i\u015flemedi\u011fimizin anlam\u0131na gelir.<\/p><p>Net ve gerekti\u011finde g\u00fcncellenmi\u015f. \u0130\u015flenme ama\u00e7lar\u0131 dikkate al\u0131nd\u0131\u011f\u0131nda yanl\u0131\u015f olan ki\u015fisel verilerin gecikmeksizin silinmesini veya d\u00fczeltilmesini (&#8220;do\u011fruluk&#8221;) sa\u011flamak i\u00e7in her t\u00fcrl\u00fc makul ad\u0131m at\u0131l\u0131r.<\/p><p>Veri sahiplerinin kimli\u011finin belirlenmesine izin verecek \u015fekilde, yaln\u0131zca ki\u015fisel verilerin i\u015flenme ama\u00e7lar\u0131 i\u00e7in gerekli olan s\u00fcre boyunca saklan\u0131rlar (&#8220;saklama k\u0131s\u0131tlamas\u0131&#8221;). Bu, m\u00fcmk\u00fcn oldu\u011funda ki\u015fisel verileri veri sorumlusunun kimli\u011finin belirlenmesini k\u0131s\u0131tlayacak veya \u00f6nleyecek \u015fekilde i\u015fledi\u011fimizin anlam\u0131na gelir.<\/p><p>Uygun teknik veya organizasyonel \u00f6nlemler (&#8220;b\u00fct\u00fcnl\u00fck ve gizlilik&#8221;) kullan\u0131larak yetkisiz veya yasa d\u0131\u015f\u0131 i\u015flemeye kar\u015f\u0131 ve kazara kay\u0131p, imha veya hasara kar\u015f\u0131 koruma dahil olmak \u00fczere ki\u015fisel verilerin uygun g\u00fcvenli\u011fini sa\u011flayacak \u015fekilde i\u015fleme yap\u0131lmakta.<\/p><h3>3. Ki\u015fisel Veri Kategorileri<\/h3><p>A\u015fa\u011f\u0131daki ki\u015fisel veri kategorilerini i\u015flemekteyiz: yararlan\u0131c\u0131lar\/potansiyel yararlan\u0131c\u0131lar i\u00e7in: Ad, soyad, i\u015f telefonu numaras\u0131, faks numaras\u0131, e-posta adresi gibi ileti\u015fim bilgileri. \u0130\u015fe al\u0131m ama\u00e7lar\u0131 i\u00e7in: Yukar\u0131dakilere ek olarak, do\u011fum tarihi, do\u011fum \u00fclkesi, e\u011fitim\/derece bilgileri gibi ki\u015fisel \u00f6zellikler. \u00c7al\u0131\u015fanlar i\u00e7in: Ek olarak, bordro bilgileri, banka hesap bilgileri vb. Hareketlilik ba\u011flam\u0131nda, yukar\u0131da belirtilen Avrupa ve K\u0131br\u0131s mevzuat\u0131nda tan\u0131mland\u0131\u011f\u0131 \u00fczere, \u00f6zel ki\u015fisel veri kategorileri kapsam\u0131na giren ki\u015fisel verileri, \u00f6zellikle de bir yararlan\u0131c\u0131n\u0131n\/potansiyel yararlan\u0131c\u0131n\u0131n sa\u011fl\u0131\u011f\u0131na ili\u015fkin ve fiziksel sa\u011fl\u0131\u011f\u0131yla ilgili verileri i\u015flemekteyiz.\u00a0 \u00d6zellikle, yararlan\u0131c\u0131n\u0131n\/potansiyel yararlan\u0131c\u0131n\u0131n uygun finansman\u0131 ve\/veya mali y\u00f6netimi i\u00e7in gerekli olan ve di\u011ferlerinin yan\u0131 s\u0131ra ula\u015f\u0131m, ayarlanm\u0131\u015f herhangi bir da\u011f\u0131t\u0131m, herhangi bir refakat\u00e7i\/yard\u0131mc\u0131 refakat\u00e7i masraflar\u0131 vb. ile ilgili veriler. \u0130\u015f ili\u015fkimiz s\u0131ras\u0131nda ki\u015fisel verilerinizde bir de\u011fi\u015fiklik olursa, m\u00fcmk\u00fcn olan en k\u0131sa s\u00fcrede bizimle ileti\u015fime ge\u00e7erek yukar\u0131daki ayr\u0131nt\u0131lar\u0131n (ge\u00e7erli oldu\u011fu \u015fekilde ve yerde) g\u00fcncellenmesini sa\u011flamal\u0131s\u0131n\u0131z.<\/p><h4>4. Veri \u0130\u015flemenin Amac\u0131<\/h4><p>Ki\u015fisel verilerinizi (ge\u00e7erli oldu\u011fu \u015fekilde ve yerde) a\u015fa\u011f\u0131daki ama\u00e7larla i\u015fleyece\u011fiz:<\/p><p>Fon ba\u015fvurular\u0131n\u0131n de\u011ferlendirilmesi ve se\u00e7ilmesi (\u00f6rne\u011fin eTwinning, TCA, vb. kat\u0131l\u0131m)<\/p><p>\u00c7al\u0131\u015fmalar\u0131 devam eden yararlan\u0131c\u0131larla \u00e7al\u0131\u015fmalar\u0131yla ilgili konularda ileti\u015fim kurulmas\u0131 (birincil denetimler, yayg\u0131nla\u015ft\u0131rma faaliyetlerine kat\u0131l\u0131m vb.)<\/p><p>Ortaklar\u0131 i\u015fe almak ve onlarla anla\u015fmalar yapmak.<\/p><p>\u0130\u015fveren-\u00e7al\u0131\u015fan ili\u015fkisi ile ilgili konular.<\/p><p>Potansiyel yararlan\u0131c\u0131lara Program hakk\u0131nda bilgi vermek ve onlar\u0131 IDEP taraf\u0131ndan d\u00fczenlenen bilgilendirme\/yayg\u0131nla\u015ft\u0131rma faaliyetlerine davet etmek.<\/p><h3>5. Yasal \u0130\u015fleme Taban\u0131<\/h3><p>Gizlili\u011finize \u00f6nem veriyoruz. Savundu\u011fumuz de\u011ferlerin bir par\u00e7as\u0131 olarak, bir veri sahibi olarak temel haklar\u0131n\u0131z\u0131 her zaman dikkate alaca\u011f\u0131z. Ki\u015fisel verilerinizi yukar\u0131da belirtilen ama\u00e7lar do\u011frultusunda (i) i\u015flemenin tabi oldu\u011fumuz yasal bir y\u00fck\u00fcml\u00fcl\u00fc\u011fe uymak i\u00e7in gerekli olmas\u0131 (ii) i\u015flemenin bizimle yapt\u0131\u011f\u0131n\u0131z bir anla\u015fman\u0131n ifas\u0131 i\u00e7in ve bu anla\u015fmalara girmeden \u00f6nce talebiniz \u00fczerine ad\u0131mlar atmam\u0131z i\u00e7in gerekli olmas\u0131 (iii) onay\u0131n\u0131z\u0131 vermi\u015f olman\u0131z (varsa ve ge\u00e7erli oldu\u011fu yerde) ve (iv) i\u015flemenin izledi\u011fimiz me\u015fru menfaatler i\u00e7in gerekli olmas\u0131 gibi yasal temellere dayanarak i\u015fliyoruz. Ki\u015fisel verileri i\u015flemek i\u00e7in a\u00e7\u0131k r\u0131zaya dayanmaya karar verdi\u011fimizde, buna uygun olarak veri denetleyicisiyle ileti\u015fime ge\u00e7ece\u011fiz. R\u0131zan\u0131n yaln\u0131zca ki\u015fisel verilerin i\u015flenmesi i\u00e7in yasal bir dayanak elde etmeye dayand\u0131\u011f\u0131 durumlarda, s\u00f6z konusu veri denetleyicisi bu r\u0131zay\u0131 istedi\u011fi zaman geri \u00e7ekme hakk\u0131na sahip olacakt\u0131r.<\/p><h3>6. Ki\u015fisel Verilerin Al\u0131c\u0131lar\u0131<\/h3><p>Ki\u015fisel verilerinizi a\u015fa\u011f\u0131daki al\u0131c\u0131 kategorilerine if\u015fa ediyoruz:<\/p><p>(zaman zaman g\u00f6revlendirildikleri \u00fczere)Denet\u00e7ilerimiz, m\u00fctevellilerimiz, avukatlar\u0131m\u0131z, avukatlar\u0131m\u0131z, de\u011ferleyicilerimiz, dan\u0131\u015fmanlar\u0131m\u0131z, muhasebecilerimiz ve di\u011fer profesyonel dan\u0131\u015fmanlar\u0131m\u0131za.<\/p><p>Konsiyerj hizmetleri, teknolojik uzmanl\u0131k, dosyalama ve dosya y\u00f6netimi, lojistik hizmetler ve \u00e7\u00f6z\u00fcmler sa\u011flayarak i\u015fimizin verimli bir \u015fekilde y\u00fcr\u00fct\u00fclmesinde bize yard\u0131mc\u0131 olan BT Hizmet Sa\u011flay\u0131c\u0131lar\u0131m\u0131z ve di\u011fer \u015firketler.<\/p><p>Yukar\u0131da a\u00e7\u0131klanan ama\u00e7lar do\u011frultusunda Bankalar ve\/veya di\u011fer finansal kurulu\u015flar, \u00f6deme hizmeti sa\u011flay\u0131c\u0131lar\u0131, sigorta \u015firketleri ve,<\/p><p>Kamu Makamlar\u0131 (ge\u00e7erli oldu\u011fu durumlarda).<\/p><p>Ki\u015fisel verileri AEA d\u0131\u015f\u0131ndaki \u00fclkelere aktard\u0131\u011f\u0131m\u0131zda, bu aktar\u0131mlar\u0131 (i) ki\u015fisel veriler i\u00e7in yeterli d\u00fczeyde koruma sa\u011flayan bir \u00fclkede bulunan bir al\u0131c\u0131ya veya (ii) ge\u00e7erli veri koruma yasalar\u0131n\u0131n h\u00fck\u00fcmlerine uygun olarak (\u00f6rne\u011fin, Avrupa Komisyonu taraf\u0131ndan kabul edilen standart veri koruma maddeleri bi\u00e7imindeki bir anla\u015fma kapsam\u0131nda) uygun g\u00fcvenceler alt\u0131nda yapar\u0131z, bu form https:\/\/ec.europa.eu\/info\/law\/law-topic\/data-protection\/international-dimension-data-protection\/standard-contractual-clauses-scc_en adresinde mevcuttur. Baz\u0131 durumlarda, veri sahibinin b\u00f6yle bir aktar\u0131m\u0131n potansiyel riskleri hakk\u0131nda bilgilendirilmesi ko\u015fuluyla (bir yeterlilik karar\u0131 ve uygun koruma \u00f6nlemlerinin yoklu\u011funda), s\u00f6z konusu veri sahiplerinin \u00f6nerilen aktar\u0131m i\u00e7in a\u00e7\u0131k r\u0131zas\u0131n\u0131 ald\u0131\u011f\u0131m\u0131z durumlarda bu t\u00fcr aktar\u0131mlar yapabiliriz. Veri denetleyicisi olarak haklar\u0131n\u0131z Genel Veri Koruma Y\u00f6netmeli\u011fi (GDPR) kapsam\u0131nda a\u015fa\u011f\u0131daki haklara sahipsiniz:<\/p><p>Eri\u015fim hakk\u0131 &#8211; hakk\u0131n\u0131zda tuttu\u011fumuz bilgilerin bir kopyas\u0131n\u0131 talep etme hakk\u0131na sahipsiniz. Ki\u015fisel verilerinizi i\u015fleyip i\u015flemedi\u011fimizi teyit etme ve i\u015fledi\u011fimiz durumlarda ki\u015fisel verilerinizi belirli ek bilgilerle birlikte sa\u011flama hakk\u0131na sahipsiniz.\u00a0 Bu t\u00fcr ek bilgiler, bunlarla s\u0131n\u0131rl\u0131 olmamak \u00fczere, i\u015fleme ama\u00e7lar\u0131n\u0131n ayr\u0131nt\u0131lar\u0131n\u0131, ilgili ki\u015fisel veri kategorilerini ve ki\u015fisel verilerin al\u0131c\u0131 kategorilerini i\u00e7erir.\u00a0 Verilerinizin bir kopyas\u0131n\u0131 alma hakk\u0131, ba\u015fkalar\u0131n\u0131n hak ve \u00f6zg\u00fcrl\u00fcklerini olumsuz y\u00f6nde etkilemez.<\/p><p>D\u00fczeltme hakk\u0131 &#8211; hakk\u0131n\u0131zda sahip oldu\u011fumuz eksik veya yanl\u0131\u015f verileri d\u00fczeltme hakk\u0131na sahipsiniz. Hakk\u0131n\u0131zdaki yanl\u0131\u015f ki\u015fisel verileri d\u00fczeltme ve i\u015fleme ama\u00e7lar\u0131n\u0131 dikkate alarak hakk\u0131n\u0131zdaki eksik ki\u015fisel verileri tamamlama hakk\u0131na sahipsiniz. B\u00f6yle bir durumda, l\u00fctfen dpo@idep.org.cy adresinden bizimle ileti\u015fime ge\u00e7in.<\/p><p>Silme hakk\u0131 (unutulma hakk\u0131) &#8211; belirli kriterlerin kar\u015f\u0131lanmad\u0131\u011f\u0131 durumlarda, hakk\u0131n\u0131zda tuttu\u011fumuz verilerin kay\u0131tlar\u0131m\u0131zdan silinmesini talep edebilirsiniz. Belirli durumlarda, ki\u015fisel verilerinizin gereksiz gecikme olmaks\u0131z\u0131n silinmesini talep etme hakk\u0131na sahipsiniz.\u00a0 Bu durumlar aras\u0131nda (i) ki\u015fisel verilerin topland\u0131klar\u0131 veya ba\u015fka bir \u015fekilde i\u015flendikleri ama\u00e7larla ilgili olarak art\u0131k gerekli olmad\u0131klar\u0131 (ii) i\u015flemenin yaln\u0131zca r\u0131zaya dayand\u0131\u011f\u0131 durumlarda r\u0131zan\u0131z\u0131 geri \u00e7ekmeniz (iii) me\u015fru menfaatlerimize dayanan i\u015flemeye itiraz etmeniz ve i\u015fleme i\u00e7in zorlay\u0131c\u0131 me\u015fru gerek\u00e7elerin bulunmamas\u0131 (iv) i\u015flemenin do\u011frudan pazarlama ama\u00e7l\u0131 olmas\u0131 (v) ki\u015fisel verilerin hukuka ayk\u0131r\u0131 bir \u015fekilde (vi) ki\u015fisel verilerin pazarlama amac\u0131yla hukuka ayk\u0131r\u0131 olarak i\u015flenmi\u015f olmas\u0131 (vii) ki\u015fisel verilerin toplanma veya ba\u015fka bir \u015fekilde i\u015flenme ama\u00e7lar\u0131yla ilgili olarak art\u0131k gerekli olmamas\u0131 (viii) me\u015fru menfaatlerimize dayanan i\u015flemeye itiraz etmeniz ve i\u015fleme i\u00e7in zorlay\u0131c\u0131 me\u015fru gerek\u00e7elerin bulunmamas\u0131 (viii) i\u015flemenin do\u011frudan pazarlama ama\u00e7l\u0131 olmas\u0131 (viii) ki\u015fisel verilerin hukuka ayk\u0131r\u0131 olarak i\u015flenmi\u015f olmas\u0131). Yukar\u0131dakiler, i\u015flemenin (i) ifade ve bilgi edinme \u00f6zg\u00fcrl\u00fc\u011f\u00fc hakk\u0131n\u0131n kullan\u0131lmas\u0131 (ii) tabi oldu\u011fumuz bir yasa kapsam\u0131nda i\u015flemeyi gerektiren yasal bir y\u00fck\u00fcml\u00fcl\u00fc\u011fe uymak ve (iii) kamu yarar\u0131 nedenleriyle veya yasal taleplerin olu\u015fturulmas\u0131, uygulanmas\u0131 veya savunulmas\u0131 i\u00e7in gerekli oldu\u011fu durumlarda ge\u00e7erli de\u011fildir.<\/p><p>\u0130\u015flemeyi k\u0131s\u0131tlama hakk\u0131 &#8211; belirli kriterlerin kar\u015f\u0131lanmas\u0131 durumunda, i\u015flemeyi talep edebilir ve k\u0131s\u0131tlayabilirsiniz. Belirli durumlarda bizden ki\u015fisel verilerinizin i\u015flenmesinin k\u0131s\u0131tlanmas\u0131n\u0131 talep etme hakk\u0131na sahipsiniz.\u00a0 Bu durumlar aras\u0131nda (i) ki\u015fisel verilerin do\u011frulu\u011funu teyit etmemize olanak tan\u0131yan bir s\u00fcre boyunca ki\u015fisel verilerin do\u011frulu\u011funa itiraz etmeniz, (ii) i\u015flemenin hukuka ayk\u0131r\u0131 olmas\u0131 ancak silinmesine itiraz etmeniz ve bunun yerine verilerin kullan\u0131m\u0131n\u0131 k\u0131s\u0131tlamam\u0131z\u0131 talep etmeniz (iii) i\u015fleme ama\u00e7lar\u0131 i\u00e7in ki\u015fisel verilere art\u0131k ihtiyac\u0131m\u0131z olmamas\u0131 ancak yasal taleplerin olu\u015fturulmas\u0131, uygulanmas\u0131 veya savunulmas\u0131 i\u00e7in ki\u015fisel verilere ihtiya\u00e7 duyman\u0131z (iv) ve me\u015fru menfaatlere dayal\u0131 olarak i\u015flemeye itiraz etmeniz dahil edilir.<\/p><p>\u0130\u015flemenin yukar\u0131dakilere dayanarak s\u0131n\u0131rland\u0131r\u0131ld\u0131\u011f\u0131 durumlarda, ki\u015fisel verilerinizi saklamaya devam edece\u011fiz.\u00a0 Ancak, bu verileri yaln\u0131zca (i) sizin r\u0131zan\u0131zla (ii) yasal hak talepleri olu\u015fturmak, uygulamak veya savunmak i\u00e7in (iii) ba\u015fka bir ger\u00e7ek veya t\u00fczel ki\u015finin haklar\u0131n\u0131 korumak i\u00e7in veya (iv) \u00f6nemli kamu yarar\u0131 nedenleriyle i\u015fleyece\u011fiz.<\/p><p>\u0130\u015flemeye itiraz etme hakk\u0131 &#8211; belirli i\u015flem t\u00fcrlerine itiraz etme hakk\u0131na sahipsiniz. \u00d6zel durumunuzla ilgili gerek\u00e7elerle ki\u015fisel verilerinizin i\u015flenmesine itiraz etme hakk\u0131na sahipsiniz, ancak yaln\u0131zca i\u015flemenin yasal dayana\u011f\u0131n\u0131n (i) kamu yarar\u0131na y\u00fcr\u00fct\u00fclen bir g\u00f6revin yerine getirilmesi veya bize verilen herhangi bir resmi yetkinin kullan\u0131lmas\u0131 veya (ii) bizim veya \u00fc\u00e7\u00fcnc\u00fc bir taraf\u0131n izledi\u011fi me\u015fru menfaatlerin ama\u00e7lar\u0131 i\u00e7in gerekli olmad\u0131\u011f\u0131 \u00f6l\u00e7\u00fcde.\u00a0 B\u00f6yle bir talepte bulunursan\u0131z, i\u015fleme i\u00e7in \u00e7\u0131karlar\u0131n\u0131z\u0131, haklar\u0131n\u0131z\u0131 ve \u00f6zg\u00fcrl\u00fcklerinizi ge\u00e7ersiz k\u0131lan zorlay\u0131c\u0131 me\u015fru gerek\u00e7elerimiz yoksa veya i\u015fleme yasal taleplerin olu\u015fturulmas\u0131, uygulanmas\u0131 veya savunulmas\u0131 i\u00e7in de\u011filse, ki\u015fisel verilerinizi i\u015flemeyi durduraca\u011f\u0131z. Ek olarak, ki\u015fisel verileriniz profil olu\u015fturma da dahil olmak \u00fczere do\u011frudan pazarlama amac\u0131yla i\u015flendi\u011finde itiraz etme hakk\u0131na sahipsiniz.<\/p><p>Veri ta\u015f\u0131nabilirli\u011fi hakk\u0131 &#8211; belirli kriterlerin kar\u015f\u0131lanmas\u0131 halinde, hakk\u0131n\u0131zda tuttu\u011fumuz verileri ba\u015fka bir kurulu\u015fa aktarma hakk\u0131na sahipsiniz.<\/p><p>Bize sa\u011flad\u0131\u011f\u0131n\u0131z ki\u015fisel verileri yap\u0131land\u0131r\u0131lm\u0131\u015f, yayg\u0131n olarak kullan\u0131lan ve makine taraf\u0131ndan okunabilir bir formatta alma ve bu verileri ba\u015fka bir veri denetleyicisine iletme hakk\u0131na sahipsiniz.\u00a0 Ancak, bu veri ta\u015f\u0131nabilirli\u011fi hakk\u0131n\u0131n yaln\u0131zca (a) i\u015flemenin r\u0131zaya dayal\u0131 oldu\u011fu (ge\u00e7erli oldu\u011fu durumlarda) veya taraf oldu\u011funuz bir s\u00f6zle\u015fmenin ifas\u0131 i\u00e7in gerekli oldu\u011fu ve (b) i\u015flemenin otomatik yollarla ger\u00e7ekle\u015ftirildi\u011fi (ge\u00e7erli oldu\u011fu durumlarda) l\u00fctfen dikkate al\u0131n\u0131z. Bu taleplere uygun olarak, ba\u015fkalar\u0131n\u0131n hak ve \u00f6zg\u00fcrl\u00fcklerini olumsuz y\u00f6nde etkilemeyece\u011fiz.<\/p><p>R\u0131zay\u0131 geri \u00e7ekme hakk\u0131 (&#8220;r\u0131za&#8221; i\u00e7in yasal dayanak ge\u00e7erli oldu\u011funda ve ge\u00e7erliyse) &#8211; belirli kriterler kar\u015f\u0131land\u0131\u011f\u0131nda r\u0131zan\u0131z\u0131 geri \u00e7ekme hakk\u0131na sahipsiniz. Ki\u015fisel bilgilerinizin i\u015flenmesinin yasal dayana\u011f\u0131 r\u0131za oldu\u011fu \u00f6l\u00e7\u00fcde (ge\u00e7erli oldu\u011fu yerde ve zamanda), r\u0131zay\u0131 istedi\u011finiz zaman geri \u00e7ekme hakk\u0131na sahipsiniz ve bu geri \u00e7ekme, geri \u00e7ekmeden \u00f6nceki i\u015flemenin yasall\u0131\u011f\u0131n\u0131 etkilemeyecektir.<\/p><p>Denetim Makam\u0131na \u015fikayette bulunma hakk\u0131:<\/p><p>\u0130stedi\u011finiz zaman K\u0131br\u0131s&#8217;taki Veri Koruma Komiserli\u011fi Ofisi&#8217;ne \u015fikayette bulunma hakk\u0131na sahipsiniz.<\/p><h3>7. Ki\u015fisel verilerin saklanmas\u0131<\/h3><p>Ki\u015fisel verilerinizi, ili\u015fkiyi s\u00fcrd\u00fcrd\u00fc\u011f\u00fcm\u00fcz s\u00fcrece ve y\u00fcr\u00fcrl\u00fckteki yasalar\u0131n gerektirdi\u011fi \u015fekilde i\u015fleyecek ve saklayaca\u011f\u0131z. Ki\u015fisel verileriniz, yasal i\u015flemlerin ba\u015flat\u0131lmas\u0131 durumunda me\u015fru menfaatlerimizin yan\u0131 s\u0131ra yasal ve\/veya d\u00fczenleyici y\u00fck\u00fcml\u00fcl\u00fcklerimizi yerine getirmek amac\u0131yla daha uzun s\u00fcre saklanabilir.<\/p><h3>8. G\u00fcvenlik<\/h3><p>Gizlilik politikam\u0131z\u0131n bir par\u00e7as\u0131 olarak, yukar\u0131da belirtilen ama\u00e7larla ilgili olarak yeterli, ilgili ve gerekli olanla s\u0131n\u0131rl\u0131 ki\u015fisel verileri i\u015fliyoruz ve ilgili riske uygun tatmin edici bir g\u00fcvenlik d\u00fczeyi sa\u011flamak i\u00e7in uygun teknik ve organizasyonel \u00f6nlemleri uyguluyoruz.\u00a0 Bu \u00f6nlemler, yetkisiz veya yasa d\u0131\u015f\u0131 i\u015flemeyi, ki\u015fisel verilerin kazara kaybolmas\u0131n\u0131, imha edilmesini veya zarar g\u00f6rmesini \u00f6nlemek i\u00e7in tasarlanm\u0131\u015ft\u0131r.<\/p><h3>9. Veri Koruma Komiseri Ofisi ile ileti\u015fime ge\u00e7in<\/h3><p>Ki\u015fisel Verilerin Korunmas\u0131 Komiseri Ofisi (Komiser), K\u0131br\u0131s Cumhuriyeti&#8217;nde ki\u015fisel verileri d\u00fczenleyen denetleyici makamd\u0131r. Komiser ile a\u015fa\u011f\u0131daki yollardan herhangi biriyle ileti\u015fime ge\u00e7ebilirsiniz: Web sitelerine giderek: dataprotection.gov.cy Telefon: +357 22818456 E-posta ile: commissioner@dataprotection.gov.cy Posta ile: 1 Iasonos Street, 1082 Lefko\u015fa, K\u0131br\u0131s.<\/p><h3>10. Daha Fazla Bilgi<\/h3><p>Ulusal Ajanslar taraf\u0131ndan y\u00f6netilen Erasmus+ ve Avrupa Dayan\u0131\u015fma Program\u0131 merkezi olmayan faaliyetlerinde ki\u015fisel verilerin i\u015flenmesine ili\u015fkin Gizlilik Beyan\u0131.<\/p><p>Erasmus+ ve Avrupa Dayan\u0131\u015fma Program\u0131 programlar\u0131nda i\u015flemci olmak yararlan\u0131c\u0131 i\u00e7in ne anlama geliyor?<\/p><p>Ki\u015fisel verilerinizin i\u015flenmesine ili\u015fkin daha fazla bilgi veya sorular\u0131n\u0131z i\u00e7in IDEP&#8217;in Veri Koruma G\u00f6revlisi ile a\u015fa\u011f\u0131daki \u015fekilde yaz\u0131l\u0131 olarak ileti\u015fime ge\u00e7ebilirsiniz:<\/p><p>E-posta ile : dpo@idep.org.cy<\/p><p>Telefonla: +357 22448888<\/p><p>Posta ile : Prodromou &amp; 2 Dimitrakopoulou 2, 1090 Lefko\u015fa P.O. Box 25484, 1310 Lefko\u015fa<\/p><p>De\u011fi\u015fiklikler<\/p><p>Bu Gizlilik Bildirimi d\u00fczenli olarak g\u00f6zden ge\u00e7irilmekte ve zaman zaman g\u00fcncellenmektedir.\u00a0 Gerekirse, de\u011fi\u015fiklikleri m\u00fcmk\u00fcn olan en k\u0131sa s\u00fcrede size bildirece\u011fiz.<\/p>\t\t\t\t\t\t\t\t<\/div>\n\t\t\t\t<\/div>\n\t\t\t\t\t<\/div>\n\t\t<\/div>\n\t\t\t\t\t<\/div>\n\t\t<\/section>\n\t\t\t\t<\/div>\n\t\t","protected":false},"excerpt":{"rendered":"<p>1. Giri\u015f Avrupa Hayat Boyu \u00d6\u011frenme Programlar\u0131 Y\u00f6netimi Vakf\u0131 (&#8220;IDEP&#8221;) toplad\u0131\u011f\u0131 veriler ve bu verileri nas\u0131l kulland\u0131\u011f\u0131 konusunda \u015feffaf olmak ister.\u00a0 Sizinle olan ili\u015fkimiz s\u00fcresince ki\u015fisel verileri toplayabilir ve i\u015fleyebiliriz. Ki\u015fisel verilerin toplanmas\u0131 ve i\u015flenmesi, 27 Nisan 2016 tarihli Avrupa Parlamentosu ve Konseyi&#8217;nin (AB) 2016\/679 say\u0131l\u0131 T\u00fcz\u00fc\u011f\u00fc ve de\u011fi\u015ftirildi\u011fi \u015fekliyle Ki\u015fisel Verilerin \u0130\u015flenmesi ve Bu [&hellip;]<\/p>\n","protected":false},"author":1,"featured_media":0,"parent":7312,"menu_order":62,"comment_status":"closed","ping_status":"closed","template":"","meta":{"footnotes":""},"class_list":["post-7313","page","type-page","status-publish","hentry"],"_links":{"self":[{"href":"https:\/\/eurodesk.idep.org.cy\/tr\/wp-json\/wp\/v2\/pages\/7313","targetHints":{"allow":["GET"]}}],"collection":[{"href":"https:\/\/eurodesk.idep.org.cy\/tr\/wp-json\/wp\/v2\/pages"}],"about":[{"href":"https:\/\/eurodesk.idep.org.cy\/tr\/wp-json\/wp\/v2\/types\/page"}],"author":[{"embeddable":true,"href":"https:\/\/eurodesk.idep.org.cy\/tr\/wp-json\/wp\/v2\/users\/1"}],"replies":[{"embeddable":true,"href":"https:\/\/eurodesk.idep.org.cy\/tr\/wp-json\/wp\/v2\/comments?post=7313"}],"version-history":[{"count":5,"href":"https:\/\/eurodesk.idep.org.cy\/tr\/wp-json\/wp\/v2\/pages\/7313\/revisions"}],"predecessor-version":[{"id":7411,"href":"https:\/\/eurodesk.idep.org.cy\/tr\/wp-json\/wp\/v2\/pages\/7313\/revisions\/7411"}],"up":[{"embeddable":true,"href":"https:\/\/eurodesk.idep.org.cy\/tr\/wp-json\/wp\/v2\/pages\/7312"}],"wp:attachment":[{"href":"https:\/\/eurodesk.idep.org.cy\/tr\/wp-json\/wp\/v2\/media?parent=7313"}],"curies":[{"name":"wp","href":"https:\/\/api.w.org\/{rel}","templated":true}]}}