{"id":7309,"date":"2023-07-19T15:00:42","date_gmt":"2023-07-19T12:00:42","guid":{"rendered":"https:\/\/eurodesk.idep.org.cy\/efkairies\/youth-stories\/antallages-neon\/"},"modified":"2024-02-20T16:13:31","modified_gmt":"2024-02-20T14:13:31","slug":"antallages-neon","status":"publish","type":"page","link":"https:\/\/eurodesk.idep.org.cy\/tr\/efkairies\/youth-stories\/antallages-neon\/","title":{"rendered":"Gen\u00e7lik De\u011fi\u015fimleri"},"content":{"rendered":"\t\t<div data-elementor-type=\"wp-page\" data-elementor-id=\"7309\" class=\"elementor elementor-7309 elementor-4956\">\n\t\t\t\t\t\t<section class=\"elementor-section elementor-top-section elementor-element elementor-element-a3e4575 elementor-section-boxed elementor-section-height-default elementor-section-height-default\" data-id=\"a3e4575\" data-element_type=\"section\" data-e-type=\"section\">\n\t\t\t\t\t\t<div class=\"elementor-container elementor-column-gap-default\">\n\t\t\t\t\t<div class=\"elementor-column elementor-col-100 elementor-top-column elementor-element elementor-element-9f0e135\" data-id=\"9f0e135\" data-element_type=\"column\" data-e-type=\"column\">\n\t\t\t<div class=\"elementor-widget-wrap elementor-element-populated\">\n\t\t\t\t\t\t<div class=\"elementor-element elementor-element-c3f18f1 elementor-widget elementor-widget-envolve_blog_default_v1\" data-id=\"c3f18f1\" data-element_type=\"widget\" data-e-type=\"widget\" data-widget_type=\"envolve_blog_default_v1.default\">\n\t\t\t\t<div class=\"elementor-widget-container\">\n\t\t\t\t\t\t\t\r\n        <!-- sidebar-page-container -->\r\n        <section class=\"sidebar-page-container\">\r\n            <div class=\"auto-container\">\r\n                <div class=\"row\">\r\n                                        <div class=\"col-lg-4 col-md-6 news-block-two\">\r\n                        <div class=\"inner-box\">\r\n                            <div class=\"image\">\r\n                                <a href=\"https:\/\/eurodesk.idep.org.cy\/tr\/dare-to-be-there-kyriakos-platou\/\"><img fetchpriority=\"high\" decoding=\"async\" width=\"370\" height=\"240\" src=\"https:\/\/eurodesk.idep.org.cy\/wp-content\/uploads\/2-3-370x240.jpg\" class=\"lazy-image owl-lazy wp-post-image\" alt=\"\" \/><\/a>\r\n                            <\/div>\r\n                            <div class=\"lower-content\">\r\n                                <div class=\"category\"><a href=\"https:\/\/eurodesk.idep.org.cy\/tr\/category\/antallages-neon\/\" rel=\"category tag\">\u0391\u03bd\u03c4\u03b1\u03bb\u03bb\u03b1\u03b3\u03ad\u03c2 \u039d\u03ad\u03c9\u03bd<\/a><\/div>\r\n                                <ul class=\"post-meta\">\r\n                                    <li><a href=\"https:\/\/eurodesk.idep.org.cy\/tr\/2020\/06\/\">2 Haziran 2020<\/a><\/li>\r\n                                    <li>\/<\/li>\r\n                                    <li>By netinfo <\/li>\r\n                                <\/ul>\r\n                                <h4><a href=\"https:\/\/eurodesk.idep.org.cy\/tr\/dare-to-be-there-kyriakos-platou\/\">&#8216;Dare to be there.&#8217; ~ Kyriakos Platou<\/a><\/h4>\r\n                                <a href=\"https:\/\/eurodesk.idep.org.cy\/tr\/dare-to-be-there-kyriakos-platou\/\" class=\"read-more-link\"><i class=\"flaticon-right-arrow\"><\/i>Read More<\/a>\r\n                            <\/div>\r\n                        <\/div>\r\n                    <\/div>\r\n                                        <div class=\"col-lg-4 col-md-6 news-block-two\">\r\n                        <div class=\"inner-box\">\r\n                            <div class=\"image\">\r\n                                <a href=\"https:\/\/eurodesk.idep.org.cy\/tr\/the-consumable-goods-will-be-forgotten-but-the-feelings-some-people-gave-you-will-never-anna-christou\/\"><img decoding=\"async\" width=\"370\" height=\"240\" src=\"https:\/\/eurodesk.idep.org.cy\/wp-content\/uploads\/DiscoverEU-12-370x240.png\" class=\"lazy-image owl-lazy wp-post-image\" alt=\"\" \/><\/a>\r\n                            <\/div>\r\n                            <div class=\"lower-content\">\r\n                                <div class=\"category\"><a href=\"https:\/\/eurodesk.idep.org.cy\/tr\/category\/antallages-neon\/\" rel=\"category tag\">\u0391\u03bd\u03c4\u03b1\u03bb\u03bb\u03b1\u03b3\u03ad\u03c2 \u039d\u03ad\u03c9\u03bd<\/a><\/div>\r\n                                <ul class=\"post-meta\">\r\n                                    <li><a href=\"https:\/\/eurodesk.idep.org.cy\/tr\/2020\/05\/\">29 May\u0131s 2020<\/a><\/li>\r\n                                    <li>\/<\/li>\r\n                                    <li>By netinfo <\/li>\r\n                                <\/ul>\r\n                                <h4><a href=\"https:\/\/eurodesk.idep.org.cy\/tr\/the-consumable-goods-will-be-forgotten-but-the-feelings-some-people-gave-you-will-never-anna-christou\/\">&#8216;The consumable goods will be forgotten, but the feelings some people gave you will never!&#8217; ~ Anna Christou<\/a><\/h4>\r\n                                <a href=\"https:\/\/eurodesk.idep.org.cy\/tr\/the-consumable-goods-will-be-forgotten-but-the-feelings-some-people-gave-you-will-never-anna-christou\/\" class=\"read-more-link\"><i class=\"flaticon-right-arrow\"><\/i>Read More<\/a>\r\n                            <\/div>\r\n                        <\/div>\r\n                    <\/div>\r\n                                    <\/div>\r\n                <div class=\"pagination-wrapper text-center mt-4\">\r\n                                    <\/div>\r\n            <\/div>\r\n        <\/section>\r\n        <!-- sidebar-page-container end -->\r\n        \r\n        \t\t\t\t<\/div>\n\t\t\t\t<\/div>\n\t\t\t\t\t<\/div>\n\t\t<\/div>\n\t\t\t\t\t<\/div>\n\t\t<\/section>\n\t\t\t\t<\/div>\n\t\t","protected":false},"excerpt":{"rendered":"<p>\u0391\u03bd\u03c4\u03b1\u03bb\u03bb\u03b1\u03b3\u03ad\u03c2 \u039d\u03ad\u03c9\u03bd 29\/05\/2020 \/ By netinfo \u2018\u03a4\u03cc\u03bb\u03bc\u03b7\u03c3\u03b5 \u03bd\u03b1 \u03c0\u03b1\u03c2 \u03bb\u03af\u03b3\u03bf \u03c0\u03b9\u03bf \u03c0\u03ad\u03c1\u03b1.\u2019 ~ \u039a\u03c5\u03c1\u03b9\u03ac\u03ba\u03bf\u03c2 \u03a0\u03bb\u03b1\u03c4\u03bf\u03cd Read More \u0391\u03bd\u03c4\u03b1\u03bb\u03bb\u03b1\u03b3\u03ad\u03c2 \u039d\u03ad\u03c9\u03bd 26\/05\/2020 \/ By netinfo \u2018\u03a4\u03b1 \u03b1\u03bd\u03b1\u03bb\u03ce\u03c3\u03b9\u03bc\u03b1 \u03b1\u03b3\u03b1\u03b8\u03ac \u03b8\u03b1 \u03be\u03b5\u03c7\u03b1\u03c3\u03c4\u03bf\u03cd\u03bd, \u03b1\u03bb\u03bb\u03ac \u03c4\u03b1 \u03c3\u03c5\u03bd\u03b1\u03b9\u03c3\u03b8\u03ae\u03bc\u03b1\u03c4\u03b1 \u03c0\u03bf\u03c5 \u03c3\u03bf\u03c5 \u03ad\u03b4\u03c9\u03c3\u03b1\u03bd \u03ba\u03ac\u03c0\u03bf\u03b9\u03bf\u03b9 \u03ac\u03bd\u03b8\u03c1\u03c9\u03c0\u03bf\u03b9 \u03c0\u03bf\u03c4\u03ad!\u2019 ~ \u0386\u03bd\u03bd\u03b1 \u03a7\u03c1\u03af\u03c3\u03c4\u03bf\u03c5 Read More<\/p>\n","protected":false},"author":1,"featured_media":0,"parent":7159,"menu_order":43,"comment_status":"closed","ping_status":"closed","template":"","meta":{"footnotes":""},"class_list":["post-7309","page","type-page","status-publish","hentry"],"_links":{"self":[{"href":"https:\/\/eurodesk.idep.org.cy\/tr\/wp-json\/wp\/v2\/pages\/7309","targetHints":{"allow":["GET"]}}],"collection":[{"href":"https:\/\/eurodesk.idep.org.cy\/tr\/wp-json\/wp\/v2\/pages"}],"about":[{"href":"https:\/\/eurodesk.idep.org.cy\/tr\/wp-json\/wp\/v2\/types\/page"}],"author":[{"embeddable":true,"href":"https:\/\/eurodesk.idep.org.cy\/tr\/wp-json\/wp\/v2\/users\/1"}],"replies":[{"embeddable":true,"href":"https:\/\/eurodesk.idep.org.cy\/tr\/wp-json\/wp\/v2\/comments?post=7309"}],"version-history":[{"count":2,"href":"https:\/\/eurodesk.idep.org.cy\/tr\/wp-json\/wp\/v2\/pages\/7309\/revisions"}],"predecessor-version":[{"id":7469,"href":"https:\/\/eurodesk.idep.org.cy\/tr\/wp-json\/wp\/v2\/pages\/7309\/revisions\/7469"}],"up":[{"embeddable":true,"href":"https:\/\/eurodesk.idep.org.cy\/tr\/wp-json\/wp\/v2\/pages\/7159"}],"wp:attachment":[{"href":"https:\/\/eurodesk.idep.org.cy\/tr\/wp-json\/wp\/v2\/media?parent=7309"}],"curies":[{"name":"wp","href":"https:\/\/api.w.org\/{rel}","templated":true}]}}