{"id":7307,"date":"2023-07-19T15:01:00","date_gmt":"2023-07-19T12:01:00","guid":{"rendered":"https:\/\/eurodesk.idep.org.cy\/efkairies\/youth-stories\/ethelontismos\/"},"modified":"2025-11-26T17:22:37","modified_gmt":"2025-11-26T15:22:37","slug":"ethelontismos","status":"publish","type":"page","link":"https:\/\/eurodesk.idep.org.cy\/tr\/efkairies\/youth-stories\/ethelontismos\/","title":{"rendered":"G\u00f6n\u00fcll\u00fcl\u00fck"},"content":{"rendered":"\t\t<div data-elementor-type=\"wp-page\" data-elementor-id=\"7307\" class=\"elementor elementor-7307 elementor-4959\">\n\t\t\t\t\t\t<section class=\"elementor-section elementor-top-section elementor-element elementor-element-8bf06d8 elementor-section-boxed elementor-section-height-default elementor-section-height-default\" data-id=\"8bf06d8\" data-element_type=\"section\" data-e-type=\"section\">\n\t\t\t\t\t\t<div class=\"elementor-container elementor-column-gap-default\">\n\t\t\t\t\t<div class=\"elementor-column elementor-col-100 elementor-top-column elementor-element elementor-element-4f20c92\" data-id=\"4f20c92\" data-element_type=\"column\" data-e-type=\"column\">\n\t\t\t<div class=\"elementor-widget-wrap elementor-element-populated\">\n\t\t\t\t\t\t<div class=\"elementor-element elementor-element-3af492a elementor-widget elementor-widget-envolve_blog_default_v1\" data-id=\"3af492a\" data-element_type=\"widget\" data-e-type=\"widget\" data-widget_type=\"envolve_blog_default_v1.default\">\n\t\t\t\t<div class=\"elementor-widget-container\">\n\t\t\t\t\t\t\t\r\n        <!-- sidebar-page-container -->\r\n        <section class=\"sidebar-page-container\">\r\n            <div class=\"auto-container\">\r\n                <div class=\"row\">\r\n                                        <div class=\"col-lg-4 col-md-6 news-block-two\">\r\n                        <div class=\"inner-box\">\r\n                            <div class=\"image\">\r\n                                <a href=\"https:\/\/eurodesk.idep.org.cy\/tr\/dare-to-be-there-kyriakos-platou\/\"><img fetchpriority=\"high\" decoding=\"async\" width=\"370\" height=\"240\" src=\"https:\/\/eurodesk.idep.org.cy\/wp-content\/uploads\/2-3-370x240.jpg\" class=\"lazy-image owl-lazy wp-post-image\" alt=\"\" \/><\/a>\r\n                            <\/div>\r\n                            <div class=\"lower-content\">\r\n                                <div class=\"category\"><a href=\"https:\/\/eurodesk.idep.org.cy\/tr\/category\/antallages-neon\/\" rel=\"category tag\">\u0391\u03bd\u03c4\u03b1\u03bb\u03bb\u03b1\u03b3\u03ad\u03c2 \u039d\u03ad\u03c9\u03bd<\/a><\/div>\r\n                                <ul class=\"post-meta\">\r\n                                    <li><a href=\"https:\/\/eurodesk.idep.org.cy\/tr\/2020\/06\/\">2 Haziran 2020<\/a><\/li>\r\n                                    <li>\/<\/li>\r\n                                    <li>By netinfo <\/li>\r\n                                <\/ul>\r\n                                <h4><a href=\"https:\/\/eurodesk.idep.org.cy\/tr\/dare-to-be-there-kyriakos-platou\/\">&#8216;Dare to be there.&#8217; ~ Kyriakos Platou<\/a><\/h4>\r\n                                <a href=\"https:\/\/eurodesk.idep.org.cy\/tr\/dare-to-be-there-kyriakos-platou\/\" class=\"read-more-link\"><i class=\"flaticon-right-arrow\"><\/i>Read More<\/a>\r\n                            <\/div>\r\n                        <\/div>\r\n                    <\/div>\r\n                                        <div class=\"col-lg-4 col-md-6 news-block-two\">\r\n                        <div class=\"inner-box\">\r\n                            <div class=\"image\">\r\n                                <a href=\"https:\/\/eurodesk.idep.org.cy\/tr\/the-consumable-goods-will-be-forgotten-but-the-feelings-some-people-gave-you-will-never-anna-christou\/\"><img decoding=\"async\" width=\"370\" height=\"240\" src=\"https:\/\/eurodesk.idep.org.cy\/wp-content\/uploads\/DiscoverEU-12-370x240.png\" class=\"lazy-image owl-lazy wp-post-image\" alt=\"\" \/><\/a>\r\n                            <\/div>\r\n                            <div class=\"lower-content\">\r\n                                <div class=\"category\"><a href=\"https:\/\/eurodesk.idep.org.cy\/tr\/category\/antallages-neon\/\" rel=\"category tag\">\u0391\u03bd\u03c4\u03b1\u03bb\u03bb\u03b1\u03b3\u03ad\u03c2 \u039d\u03ad\u03c9\u03bd<\/a><\/div>\r\n                                <ul class=\"post-meta\">\r\n                                    <li><a href=\"https:\/\/eurodesk.idep.org.cy\/tr\/2020\/05\/\">29 May\u0131s 2020<\/a><\/li>\r\n                                    <li>\/<\/li>\r\n                                    <li>By netinfo <\/li>\r\n                                <\/ul>\r\n                                <h4><a href=\"https:\/\/eurodesk.idep.org.cy\/tr\/the-consumable-goods-will-be-forgotten-but-the-feelings-some-people-gave-you-will-never-anna-christou\/\">&#8216;The consumable goods will be forgotten, but the feelings some people gave you will never!&#8217; ~ Anna Christou<\/a><\/h4>\r\n                                <a href=\"https:\/\/eurodesk.idep.org.cy\/tr\/the-consumable-goods-will-be-forgotten-but-the-feelings-some-people-gave-you-will-never-anna-christou\/\" class=\"read-more-link\"><i class=\"flaticon-right-arrow\"><\/i>Read More<\/a>\r\n                            <\/div>\r\n                        <\/div>\r\n                    <\/div>\r\n                                    <\/div>\r\n                <div class=\"pagination-wrapper text-center mt-4\">\r\n                                    <\/div>\r\n            <\/div>\r\n        <\/section>\r\n        <!-- sidebar-page-container end -->\r\n        \r\n        \t\t\t\t<\/div>\n\t\t\t\t<\/div>\n\t\t\t\t\t<\/div>\n\t\t<\/div>\n\t\t\t\t\t<\/div>\n\t\t<\/section>\n\t\t\t\t<\/div>\n\t\t","protected":false},"excerpt":{"rendered":"<p>YOUTH EXCHANGES 02\/06\/2020 \/ By netinfo &#8216;Dare to be there.&#8217; ~ Kyriakos Platou Read More YOUTH EXCHANGES 29\/05\/2020 \/ By netinfo &#8216;The consumable goods will be forgotten, but the feelings some people gave you will never!&#8217; ~ Anna Christou Read More<\/p>\n","protected":false},"author":1,"featured_media":0,"parent":7159,"menu_order":37,"comment_status":"closed","ping_status":"closed","template":"","meta":{"footnotes":""},"class_list":["post-7307","page","type-page","status-publish","hentry"],"_links":{"self":[{"href":"https:\/\/eurodesk.idep.org.cy\/tr\/wp-json\/wp\/v2\/pages\/7307","targetHints":{"allow":["GET"]}}],"collection":[{"href":"https:\/\/eurodesk.idep.org.cy\/tr\/wp-json\/wp\/v2\/pages"}],"about":[{"href":"https:\/\/eurodesk.idep.org.cy\/tr\/wp-json\/wp\/v2\/types\/page"}],"author":[{"embeddable":true,"href":"https:\/\/eurodesk.idep.org.cy\/tr\/wp-json\/wp\/v2\/users\/1"}],"replies":[{"embeddable":true,"href":"https:\/\/eurodesk.idep.org.cy\/tr\/wp-json\/wp\/v2\/comments?post=7307"}],"version-history":[{"count":6,"href":"https:\/\/eurodesk.idep.org.cy\/tr\/wp-json\/wp\/v2\/pages\/7307\/revisions"}],"predecessor-version":[{"id":7815,"href":"https:\/\/eurodesk.idep.org.cy\/tr\/wp-json\/wp\/v2\/pages\/7307\/revisions\/7815"}],"up":[{"embeddable":true,"href":"https:\/\/eurodesk.idep.org.cy\/tr\/wp-json\/wp\/v2\/pages\/7159"}],"wp:attachment":[{"href":"https:\/\/eurodesk.idep.org.cy\/tr\/wp-json\/wp\/v2\/media?parent=7307"}],"curies":[{"name":"wp","href":"https:\/\/api.w.org\/{rel}","templated":true}]}}