{"id":7302,"date":"2023-07-06T15:30:12","date_gmt":"2023-07-06T12:30:12","guid":{"rendered":"https:\/\/eurodesk.idep.org.cy\/efkairies\/anazitisi-efkairion\/"},"modified":"2024-02-20T16:02:17","modified_gmt":"2024-02-20T14:02:17","slug":"anazitisi-efkairion","status":"publish","type":"page","link":"https:\/\/eurodesk.idep.org.cy\/tr\/efkairies\/anazitisi-efkairion\/","title":{"rendered":"FIRSAT ARAYI\u015eI"},"content":{"rendered":"\t\t<div data-elementor-type=\"wp-page\" data-elementor-id=\"7302\" class=\"elementor elementor-7302 elementor-4740\">\n\t\t\t\t\t\t<section class=\"elementor-section elementor-top-section elementor-element elementor-element-42dd510 elementor-section-boxed elementor-section-height-default elementor-section-height-default\" data-id=\"42dd510\" data-element_type=\"section\" data-e-type=\"section\">\n\t\t\t\t\t\t<div class=\"elementor-container elementor-column-gap-default\">\n\t\t\t\t\t<div class=\"elementor-column elementor-col-100 elementor-top-column elementor-element elementor-element-9b5173d\" data-id=\"9b5173d\" data-element_type=\"column\" data-e-type=\"column\">\n\t\t\t<div class=\"elementor-widget-wrap elementor-element-populated\">\n\t\t\t\t\t\t<div class=\"elementor-element elementor-element-50278d7 elementor-widget elementor-widget-text-editor\" data-id=\"50278d7\" data-element_type=\"widget\" data-e-type=\"widget\" data-widget_type=\"text-editor.default\">\n\t\t\t\t<div class=\"elementor-widget-container\">\n\t\t\t\t\t\t\t\t\t<h3>Avrupa f\u0131rsatlar\u0131<\/h3>\n<div class=\"av_custom_color av-subheading av-subheading_below\">\n\nGen\u00e7lerin ilgisini \u00e7eken Avrupa programlar\u0131n\u0131n veritaban\u0131\n\n<\/div>\n<div style=\"position: relative; height: 0; overflow: hidden; min-height: 800px;\"><iframe style=\"position: absolute; top: 0; left: 0; width: 100%; height: 100%; border-width: 0;\" src=\"https:\/\/programmes.eurodesk.eu\/learning\" width=\"700\" height=\"800\" frameborder=\"0\"><\/iframe><\/div>\t\t\t\t\t\t\t\t<\/div>\n\t\t\t\t<\/div>\n\t\t\t\t\t<\/div>\n\t\t<\/div>\n\t\t\t\t\t<\/div>\n\t\t<\/section>\n\t\t\t\t<\/div>\n\t\t","protected":false},"excerpt":{"rendered":"<p>Avrupa f\u0131rsatlar\u0131 Gen\u00e7lerin ilgisini \u00e7eken Avrupa programlar\u0131n\u0131n veritaban\u0131<\/p>\n","protected":false},"author":1,"featured_media":0,"parent":7158,"menu_order":24,"comment_status":"closed","ping_status":"closed","template":"","meta":{"footnotes":""},"class_list":["post-7302","page","type-page","status-publish","hentry"],"_links":{"self":[{"href":"https:\/\/eurodesk.idep.org.cy\/tr\/wp-json\/wp\/v2\/pages\/7302","targetHints":{"allow":["GET"]}}],"collection":[{"href":"https:\/\/eurodesk.idep.org.cy\/tr\/wp-json\/wp\/v2\/pages"}],"about":[{"href":"https:\/\/eurodesk.idep.org.cy\/tr\/wp-json\/wp\/v2\/types\/page"}],"author":[{"embeddable":true,"href":"https:\/\/eurodesk.idep.org.cy\/tr\/wp-json\/wp\/v2\/users\/1"}],"replies":[{"embeddable":true,"href":"https:\/\/eurodesk.idep.org.cy\/tr\/wp-json\/wp\/v2\/comments?post=7302"}],"version-history":[{"count":5,"href":"https:\/\/eurodesk.idep.org.cy\/tr\/wp-json\/wp\/v2\/pages\/7302\/revisions"}],"predecessor-version":[{"id":7444,"href":"https:\/\/eurodesk.idep.org.cy\/tr\/wp-json\/wp\/v2\/pages\/7302\/revisions\/7444"}],"up":[{"embeddable":true,"href":"https:\/\/eurodesk.idep.org.cy\/tr\/wp-json\/wp\/v2\/pages\/7158"}],"wp:attachment":[{"href":"https:\/\/eurodesk.idep.org.cy\/tr\/wp-json\/wp\/v2\/media?parent=7302"}],"curies":[{"name":"wp","href":"https:\/\/api.w.org\/{rel}","templated":true}]}}