{"id":7300,"date":"2023-07-06T15:27:20","date_gmt":"2023-07-06T12:27:20","guid":{"rendered":"https:\/\/eurodesk.idep.org.cy\/efkairies\/time-to-move\/"},"modified":"2024-02-20T16:07:45","modified_gmt":"2024-02-20T14:07:45","slug":"time-to-move","status":"publish","type":"page","link":"https:\/\/eurodesk.idep.org.cy\/tr\/efkairies\/time-to-move\/","title":{"rendered":"TIME TO MOVE"},"content":{"rendered":"\t\t<div data-elementor-type=\"wp-page\" data-elementor-id=\"7300\" class=\"elementor elementor-7300 elementor-4726\">\n\t\t\t\t\t\t<section class=\"elementor-section elementor-top-section elementor-element elementor-element-b1ea278 elementor-section-boxed elementor-section-height-default elementor-section-height-default\" data-id=\"b1ea278\" data-element_type=\"section\" data-e-type=\"section\">\n\t\t\t\t\t\t<div class=\"elementor-container elementor-column-gap-default\">\n\t\t\t\t\t<div class=\"elementor-column elementor-col-100 elementor-top-column elementor-element elementor-element-7919d65\" data-id=\"7919d65\" data-element_type=\"column\" data-e-type=\"column\">\n\t\t\t<div class=\"elementor-widget-wrap elementor-element-populated\">\n\t\t\t\t\t\t<div class=\"elementor-element elementor-element-4675cec elementor-widget elementor-widget-text-editor\" data-id=\"4675cec\" data-element_type=\"widget\" data-e-type=\"widget\" data-widget_type=\"text-editor.default\">\n\t\t\t\t<div class=\"elementor-widget-container\">\n\t\t\t\t\t\t\t\t\t<p>Eurodesk&#8217;in her y\u0131l d\u00fczenledi\u011fi ve Ekim ay\u0131 boyunca devam eden Pan-Avrupa Kampanyas\u0131 &#8220;Time to Move&#8221;, gen\u00e7leri Avrupa Programlar\u0131, g\u00f6n\u00fcll\u00fcl\u00fck projeleri ve di\u011fer hareketlilik f\u0131rsatlar\u0131 hakk\u0131nda bilgilendirmeyi ama\u00e7lamaktad\u0131r.<\/p><p>Avrupa Hayatboyu \u00d6\u011frenme Programlar\u0131 Y\u00f6netimi Vakf\u0131 (IDEP), Ulusal Ofis&#8217;in ve kampanya \u00e7er\u00e7evesindeki etkinliklerin y\u00f6neticisi olarak.<\/p><p>&#8220;Time to Move&#8221; eylemleri gen\u00e7lere Avrupa&#8217;y\u0131 ke\u015ffetme, Erasmus+ ve Avrupa Dayan\u0131\u015fma Program\u0131 gibi Avrupa Programlar\u0131na nas\u0131l kat\u0131labileceklerini \u00f6\u011frenme ve Avrupa d\u00fczeyinde \u00e7e\u015fitli yar\u0131\u015fma ve eylemlere kat\u0131lma f\u0131rsat\u0131 vermeyi ama\u00e7lamaktad\u0131r!<\/p><p>Her y\u0131l ger\u00e7ekle\u015ftirilen t\u00fcm etkinlikler http:\/\/www.timetomove.info web sitesinde sunulmaktad\u0131r.<\/p>\t\t\t\t\t\t\t\t<\/div>\n\t\t\t\t<\/div>\n\t\t\t\t<div class=\"elementor-element elementor-element-e03d7bf elementor-widget elementor-widget-heading\" data-id=\"e03d7bf\" data-element_type=\"widget\" data-e-type=\"widget\" data-widget_type=\"heading.default\">\n\t\t\t\t<div class=\"elementor-widget-container\">\n\t\t\t\t\t<h3 class=\"elementor-heading-title elementor-size-default\">Yurtd\u0131\u015f\u0131ndaki hareketlilik, e\u011fitim, g\u00f6n\u00fcll\u00fcl\u00fck ve i\u015f f\u0131rsatlar\u0131 hakk\u0131nda bilgi edinmek i\u00e7in \"Time to Move\" etkinliklerine kat\u0131l\u0131n!<\/h3>\t\t\t\t<\/div>\n\t\t\t\t<\/div>\n\t\t\t\t<div class=\"elementor-element elementor-element-c1e670c elementor-widget elementor-widget-image\" data-id=\"c1e670c\" data-element_type=\"widget\" data-e-type=\"widget\" data-widget_type=\"image.default\">\n\t\t\t\t<div class=\"elementor-widget-container\">\n\t\t\t\t\t\t\t\t\t\t\t\t\t\t\t\t<a href=\"https:\/\/timetomove.eurodesk.eu\/%20\" target=\"_blank\">\n\t\t\t\t\t\t\t<img fetchpriority=\"high\" decoding=\"async\" width=\"1315\" height=\"513\" src=\"https:\/\/eurodesk.idep.org.cy\/wp-content\/uploads\/2023\/10\/eu-with-easy-reach.jpg\" class=\"attachment-full size-full wp-image-7333\" alt=\"\" srcset=\"https:\/\/eurodesk.idep.org.cy\/wp-content\/uploads\/2023\/10\/eu-with-easy-reach.jpg 1315w, https:\/\/eurodesk.idep.org.cy\/wp-content\/uploads\/2023\/10\/eu-with-easy-reach-300x117.jpg 300w, https:\/\/eurodesk.idep.org.cy\/wp-content\/uploads\/2023\/10\/eu-with-easy-reach-1024x399.jpg 1024w, https:\/\/eurodesk.idep.org.cy\/wp-content\/uploads\/2023\/10\/eu-with-easy-reach-768x300.jpg 768w, https:\/\/eurodesk.idep.org.cy\/wp-content\/uploads\/2023\/10\/eu-with-easy-reach-600x234.jpg 600w\" sizes=\"(max-width: 1315px) 100vw, 1315px\" \/>\t\t\t\t\t\t\t\t<\/a>\n\t\t\t\t\t\t\t\t\t\t\t\t\t\t\t<\/div>\n\t\t\t\t<\/div>\n\t\t\t\t\t<\/div>\n\t\t<\/div>\n\t\t\t\t\t<\/div>\n\t\t<\/section>\n\t\t\t\t<section class=\"elementor-section elementor-top-section elementor-element elementor-element-f19545c elementor-section-boxed elementor-section-height-default elementor-section-height-default\" data-id=\"f19545c\" data-element_type=\"section\" data-e-type=\"section\">\n\t\t\t\t\t\t<div class=\"elementor-container elementor-column-gap-default\">\n\t\t\t\t\t<div class=\"elementor-column elementor-col-33 elementor-top-column elementor-element elementor-element-9343bf9\" data-id=\"9343bf9\" data-element_type=\"column\" data-e-type=\"column\">\n\t\t\t<div class=\"elementor-widget-wrap elementor-element-populated\">\n\t\t\t\t\t\t<div class=\"elementor-element elementor-element-e0004b0 elementor-position-top elementor-widget elementor-widget-image-box\" data-id=\"e0004b0\" data-element_type=\"widget\" data-e-type=\"widget\" data-widget_type=\"image-box.default\">\n\t\t\t\t<div class=\"elementor-widget-container\">\n\t\t\t\t\t<div class=\"elementor-image-box-wrapper\"><figure class=\"elementor-image-box-img\"><a href=\"https:\/\/timetomove.eurodesk.eu\/\" target=\"_blank\" tabindex=\"-1\"><img decoding=\"async\" width=\"127\" height=\"129\" src=\"https:\/\/eurodesk.idep.org.cy\/wp-content\/uploads\/2023\/11\/Picture1-1.jpg\" class=\"attachment-full size-full wp-image-6957\" alt=\"\" srcset=\"https:\/\/eurodesk.idep.org.cy\/wp-content\/uploads\/2023\/11\/Picture1-1.jpg 127w, https:\/\/eurodesk.idep.org.cy\/wp-content\/uploads\/2023\/11\/Picture1-1-70x70.jpg 70w, https:\/\/eurodesk.idep.org.cy\/wp-content\/uploads\/2023\/11\/Picture1-1-90x90.jpg 90w\" sizes=\"(max-width: 127px) 100vw, 127px\" \/><\/a><\/figure><div class=\"elementor-image-box-content\"><h4 class=\"elementor-image-box-title\"><a href=\"https:\/\/timetomove.eurodesk.eu\/\" target=\"_blank\">Time to Move website<\/a><\/h4><\/div><\/div>\t\t\t\t<\/div>\n\t\t\t\t<\/div>\n\t\t\t\t\t<\/div>\n\t\t<\/div>\n\t\t\t\t<div class=\"elementor-column elementor-col-33 elementor-top-column elementor-element elementor-element-2536c4a\" data-id=\"2536c4a\" data-element_type=\"column\" data-e-type=\"column\">\n\t\t\t<div class=\"elementor-widget-wrap elementor-element-populated\">\n\t\t\t\t\t\t<div class=\"elementor-element elementor-element-a3ca72c elementor-position-top elementor-widget elementor-widget-image-box\" data-id=\"a3ca72c\" data-element_type=\"widget\" data-e-type=\"widget\" data-widget_type=\"image-box.default\">\n\t\t\t\t<div class=\"elementor-widget-container\">\n\t\t\t\t\t<div class=\"elementor-image-box-wrapper\"><figure class=\"elementor-image-box-img\"><a href=\"https:\/\/eurodesk.eu\/projects\/card-game\/\" target=\"_blank\" tabindex=\"-1\"><img decoding=\"async\" width=\"127\" height=\"129\" src=\"https:\/\/eurodesk.idep.org.cy\/wp-content\/uploads\/2023\/11\/Picture2-1.jpg\" class=\"attachment-full size-full wp-image-6959\" alt=\"\" srcset=\"https:\/\/eurodesk.idep.org.cy\/wp-content\/uploads\/2023\/11\/Picture2-1.jpg 127w, https:\/\/eurodesk.idep.org.cy\/wp-content\/uploads\/2023\/11\/Picture2-1-70x70.jpg 70w, https:\/\/eurodesk.idep.org.cy\/wp-content\/uploads\/2023\/11\/Picture2-1-90x90.jpg 90w\" sizes=\"(max-width: 127px) 100vw, 127px\" \/><\/a><\/figure><div class=\"elementor-image-box-content\"><h4 class=\"elementor-image-box-title\"><a href=\"https:\/\/eurodesk.eu\/projects\/card-game\/\" target=\"_blank\">Time to Move Card Game<\/a><\/h4><\/div><\/div>\t\t\t\t<\/div>\n\t\t\t\t<\/div>\n\t\t\t\t\t<\/div>\n\t\t<\/div>\n\t\t\t\t<div class=\"elementor-column elementor-col-33 elementor-top-column elementor-element elementor-element-eb26a0d\" data-id=\"eb26a0d\" data-element_type=\"column\" data-e-type=\"column\">\n\t\t\t<div class=\"elementor-widget-wrap elementor-element-populated\">\n\t\t\t\t\t\t<div class=\"elementor-element elementor-element-3a9f7ee elementor-position-top elementor-widget elementor-widget-image-box\" data-id=\"3a9f7ee\" data-element_type=\"widget\" data-e-type=\"widget\" data-widget_type=\"image-box.default\">\n\t\t\t\t<div class=\"elementor-widget-container\">\n\t\t\t\t\t<div class=\"elementor-image-box-wrapper\"><figure class=\"elementor-image-box-img\"><a href=\"https:\/\/timetomove.eurodesk.eu\/riga\" target=\"_blank\" tabindex=\"-1\"><img loading=\"lazy\" decoding=\"async\" width=\"127\" height=\"129\" src=\"https:\/\/eurodesk.idep.org.cy\/wp-content\/uploads\/2023\/11\/Picture3-1-1.jpg\" class=\"attachment-full size-full wp-image-6961\" alt=\"\" srcset=\"https:\/\/eurodesk.idep.org.cy\/wp-content\/uploads\/2023\/11\/Picture3-1-1.jpg 127w, https:\/\/eurodesk.idep.org.cy\/wp-content\/uploads\/2023\/11\/Picture3-1-1-70x70.jpg 70w, https:\/\/eurodesk.idep.org.cy\/wp-content\/uploads\/2023\/11\/Picture3-1-1-90x90.jpg 90w\" sizes=\"(max-width: 127px) 100vw, 127px\" \/><\/a><\/figure><div class=\"elementor-image-box-content\"><h4 class=\"elementor-image-box-title\"><a href=\"https:\/\/timetomove.eurodesk.eu\/riga\" target=\"_blank\">Time to Move Escape Game 2022<\/a><\/h4><\/div><\/div>\t\t\t\t<\/div>\n\t\t\t\t<\/div>\n\t\t\t\t\t<\/div>\n\t\t<\/div>\n\t\t\t\t\t<\/div>\n\t\t<\/section>\n\t\t\t\t<\/div>\n\t\t","protected":false},"excerpt":{"rendered":"<p>Eurodesk&#8217;in her y\u0131l d\u00fczenledi\u011fi ve Ekim ay\u0131 boyunca devam eden Pan-Avrupa Kampanyas\u0131 &#8220;Time to Move&#8221;, gen\u00e7leri Avrupa Programlar\u0131, g\u00f6n\u00fcll\u00fcl\u00fck projeleri ve di\u011fer hareketlilik f\u0131rsatlar\u0131 hakk\u0131nda bilgilendirmeyi ama\u00e7lamaktad\u0131r. Avrupa Hayatboyu \u00d6\u011frenme Programlar\u0131 Y\u00f6netimi Vakf\u0131 (IDEP), Ulusal Ofis&#8217;in ve kampanya \u00e7er\u00e7evesindeki etkinliklerin y\u00f6neticisi olarak. &#8220;Time to Move&#8221; eylemleri gen\u00e7lere Avrupa&#8217;y\u0131 ke\u015ffetme, Erasmus+ ve Avrupa Dayan\u0131\u015fma Program\u0131 gibi [&hellip;]<\/p>\n","protected":false},"author":1,"featured_media":0,"parent":7158,"menu_order":16,"comment_status":"closed","ping_status":"closed","template":"","meta":{"footnotes":""},"class_list":["post-7300","page","type-page","status-publish","hentry"],"_links":{"self":[{"href":"https:\/\/eurodesk.idep.org.cy\/tr\/wp-json\/wp\/v2\/pages\/7300","targetHints":{"allow":["GET"]}}],"collection":[{"href":"https:\/\/eurodesk.idep.org.cy\/tr\/wp-json\/wp\/v2\/pages"}],"about":[{"href":"https:\/\/eurodesk.idep.org.cy\/tr\/wp-json\/wp\/v2\/types\/page"}],"author":[{"embeddable":true,"href":"https:\/\/eurodesk.idep.org.cy\/tr\/wp-json\/wp\/v2\/users\/1"}],"replies":[{"embeddable":true,"href":"https:\/\/eurodesk.idep.org.cy\/tr\/wp-json\/wp\/v2\/comments?post=7300"}],"version-history":[{"count":4,"href":"https:\/\/eurodesk.idep.org.cy\/tr\/wp-json\/wp\/v2\/pages\/7300\/revisions"}],"predecessor-version":[{"id":7462,"href":"https:\/\/eurodesk.idep.org.cy\/tr\/wp-json\/wp\/v2\/pages\/7300\/revisions\/7462"}],"up":[{"embeddable":true,"href":"https:\/\/eurodesk.idep.org.cy\/tr\/wp-json\/wp\/v2\/pages\/7158"}],"wp:attachment":[{"href":"https:\/\/eurodesk.idep.org.cy\/tr\/wp-json\/wp\/v2\/media?parent=7300"}],"curies":[{"name":"wp","href":"https:\/\/api.w.org\/{rel}","templated":true}]}}