{"id":7298,"date":"2023-07-06T15:27:43","date_gmt":"2023-07-06T12:27:43","guid":{"rendered":"https:\/\/eurodesk.idep.org.cy\/schetika-me-emas\/efropaiki-diktyaki-pyli-tis-neolaias\/"},"modified":"2024-02-20T16:01:01","modified_gmt":"2024-02-20T14:01:01","slug":"efropaiki-diktyaki-pyli-tis-neolaias","status":"publish","type":"page","link":"https:\/\/eurodesk.idep.org.cy\/tr\/schetika-me-emas\/efropaiki-diktyaki-pyli-tis-neolaias\/","title":{"rendered":"AVRUPA GEN\u00c7LI\u0307K PORTALI"},"content":{"rendered":"\t\t<div data-elementor-type=\"wp-page\" data-elementor-id=\"7298\" class=\"elementor elementor-7298 elementor-4728\">\n\t\t\t\t\t\t<section class=\"elementor-section elementor-top-section elementor-element elementor-element-c3a7f28 privacy elementor-section-boxed elementor-section-height-default elementor-section-height-default\" data-id=\"c3a7f28\" data-element_type=\"section\" data-e-type=\"section\">\n\t\t\t\t\t\t<div class=\"elementor-container elementor-column-gap-default\">\n\t\t\t\t\t<div class=\"elementor-column elementor-col-100 elementor-top-column elementor-element elementor-element-39ad096\" data-id=\"39ad096\" data-element_type=\"column\" data-e-type=\"column\">\n\t\t\t<div class=\"elementor-widget-wrap elementor-element-populated\">\n\t\t\t\t\t\t<div class=\"elementor-element elementor-element-e472d15 elementor-widget elementor-widget-text-editor\" data-id=\"e472d15\" data-element_type=\"widget\" data-e-type=\"widget\" data-widget_type=\"text-editor.default\">\n\t\t\t\t<div class=\"elementor-widget-container\">\n\t\t\t\t\t\t\t\t\t<p>Avrupa Gen\u00e7lik Portal\u0131, Avrupa&#8217;da ya\u015fayan, okuyan ve \u00e7al\u0131\u015fan gen\u00e7leri ilgilendiren f\u0131rsatlar ve giri\u015fimler hakk\u0131nda Avrupa\u00a0 ve ulusal d\u00fczeyde bilgi sa\u011flar.<\/p><p>Gen\u00e7lere ve ayn\u0131 zamanda gen\u00e7lik alan\u0131nda aktif olan di\u011fer payda\u015flara (gen\u00e7lik kurulu\u015flar\u0131, gen\u00e7lik \u00e7al\u0131\u015fanlar\u0131, politika yap\u0131c\u0131lar, vb.)<\/p><p>Avrupa Gen\u00e7lik Portal\u0131nda, her biri belirli bir b\u00f6l\u00fcmde grupland\u0131r\u0131lm\u0131\u015f 4 ana i\u00e7erik t\u00fcr\u00fc bulabilirsiniz:<\/p><ul><li>AB gen\u00e7lik politikalar\u0131na ili\u015fkin tematik sayfalar: &#8216;Kat\u0131l\u0131n&#8217;<\/li><li>Yurtd\u0131\u015f\u0131na \u00e7\u0131kma olanaklar\u0131 \u00fczerine tematik sayfalar: &#8220;Yurtd\u0131\u015f\u0131na gitmek&#8221;<\/li><li>AB taraf\u0131ndan finanse edilen programlar\/giri\u015fimler sayfalar\u0131: &#8216;AB giri\u015fimleri&#8217;<\/li><li>Politika sayfalar\u0131: &#8220;AB Gen\u00e7lik Stratejisi&#8221;<\/li><\/ul><p>Bu 4 ana i\u00e7erik t\u00fcr\u00fcne ek olarak, insanlar\u0131n hikayelerini ve referanslar\u0131n\u0131 ve haberleri okuyabilir, ayr\u0131ca etkinlik arayabilirsiniz.<\/p><p><strong>&#8220;Kat\u0131l\u0131n&#8221;<\/strong> b\u00f6l\u00fcm\u00fcnde aktif vatanda\u015fl\u0131k \u00fczerine farkl\u0131 perspektiflerden makaleler bulabilirsiniz:<\/p><ul><li>AB Gen\u00e7lik Diyalo\u011fu<\/li><li>Demokratik kat\u0131l\u0131m<\/li><li>Haklar\u0131n\u0131z ve entegrasyon<\/li><li>Vatanda\u015flar\u0131n topluma kat\u0131l\u0131m\u0131<\/li><li>S\u00fcrd\u00fcr\u00fclebilir kalk\u0131nma<\/li><li>#EUYouth4Peace<\/li><li>K\u00fclt\u00fcrleraras\u0131 anlay\u0131\u015f<\/li><li>Spor<\/li><\/ul><p><strong>&#8220;Yurtd\u0131\u015f\u0131na gitmek&#8221;<\/strong> b\u00f6l\u00fcm\u00fcnde a\u015fa\u011f\u0131daki alanlarla ilgili \u00e7e\u015fitli f\u0131rsatlara g\u00f6z atabilirsiniz:<\/p><ul><li>E\u011fitimler<\/li><li>G\u00f6n\u00fcll\u00fcl\u00fck<\/li><li>Staj d\u00f6nemleri<\/li><li>\u0130\u015f<\/li><li>Okul ve gen\u00e7lik de\u011fi\u015fimleri<\/li><li>Seyahat<\/li><\/ul><p>Bu b\u00f6l\u00fcmlere ana sayfadan veya ana men\u00fcden eri\u015filebilir.<\/p><p><strong>&#8220;AB giri\u015fimleri&#8221; b\u00f6l\u00fcm\u00fcnde Erasmus+,<\/strong> Avrupa Dayan\u0131\u015fma Program\u0131, DiscoverEU, Erasmus+ Sanal De\u011fi\u015fim gibi Avrupa Birli\u011fi taraf\u0131ndan finanse edilen \u00e7e\u015fitli giri\u015fimler ve programlar hakk\u0131nda bilgi bulabilirsiniz.<\/p><p><strong>&#8220;AB Gen\u00e7lik Stratejisi&#8221;<\/strong> b\u00f6l\u00fcm\u00fcnde, 26 Kas\u0131m 2018 tarihli Konsey Karar\u0131 temelinde 2019-2027 d\u00f6nemi i\u00e7in gen\u00e7lik politikas\u0131 konusunda AB i\u015fbirli\u011finin \u00e7er\u00e7evesini olu\u015fturan AB Gen\u00e7lik Stratejisi hakk\u0131ndaki bilgilere eri\u015febilirsiniz.<\/p><p>Arad\u0131\u011f\u0131n\u0131z bilgilere kolay eri\u015fim i\u00e7in arama \u00e7ubu\u011funu da kullanabilirsiniz.<\/p><p><strong>Diller<\/strong><\/p><p>Web sitesindeki i\u00e7erik ve navigasyon 28 dile kadar mevcuttur. Dil se\u00e7iciye t\u0131klayarak istedi\u011finiz zaman bir sayfan\u0131n g\u00f6r\u00fcnt\u00fcleme dilini de\u011fi\u015ftirebilirsiniz. Ayn\u0131 zamanda, sitenin navigasyon dili de de\u011fi\u015fecektir.<\/p><p><strong>\u0130\u00e7erik bak\u0131m\u0131<\/strong><\/p><p>Avrupa Komisyonu ve <a href=\"https:\/\/eurodesk.eu\/\" target=\"_blank\" rel=\"noopener\">Eurodesk<\/a> A\u011f\u0131 bu web sitesinin i\u00e7eri\u011fini korumaktad\u0131r. Daha fazla bilgi i\u00e7in bu sayfan\u0131n alt\u0131ndaki &#8220;Yasal Bildirim &#8220;e t\u0131klay\u0131n.<\/p><p><strong>Sorular\u0131n\u0131z\u0131 g\u00f6nderin<\/strong><\/p><p>Portal, ziyaret\u00e7ilerin &#8220;Sorular&#8221; d\u00fc\u011fmesine t\u0131klayarak ve Portalda kullan\u0131lan dillerden herhangi birinde formu doldurarak soru sormalar\u0131na olanak tan\u0131r. Bu sorular Eurodesk A\u011f\u0131 taraf\u0131ndan yan\u0131tlanacakt\u0131r.<\/p><p><strong>G\u00f6r\u00fc\u015f Bildirme<\/strong><\/p><p>Avrupa Gen\u00e7lik Portal\u0131 hakk\u0131nda daha fazla bilgiye ihtiyac\u0131n\u0131z varsa ya da Portal\u0131n nas\u0131l geli\u015ftirilebilece\u011fine dair yorum veya \u00f6nerilerde bulunmak istiyorsan\u0131z, l\u00fctfen her sayfan\u0131n alt\u0131nda yer alan &#8220;<a href=\"https:\/\/eurodesk.idep.org.cy\/tr\/epikoinonia\/\" target=\"_blank\" rel=\"noopener\">Bize ula\u015f\u0131n<\/a>&#8221; linki arac\u0131l\u0131\u011f\u0131yla bizimle ileti\u015fime ge\u00e7mekten \u00e7ekinmeyin.<\/p><p>Avrupa Gen\u00e7lik Portal\u0131, Avrupa Birli\u011fi&#8217;nin bir giri\u015fimidir.<\/p>\t\t\t\t\t\t\t\t<\/div>\n\t\t\t\t<\/div>\n\t\t\t\t<div class=\"elementor-element elementor-element-84a82fa elementor-widget elementor-widget-image\" data-id=\"84a82fa\" data-element_type=\"widget\" data-e-type=\"widget\" data-widget_type=\"image.default\">\n\t\t\t\t<div class=\"elementor-widget-container\">\n\t\t\t\t\t\t\t\t\t\t\t\t\t\t\t\t<a href=\"https:\/\/youth.europa.eu\/home_el%20\" target=\"_blank\">\n\t\t\t\t\t\t\t<img fetchpriority=\"high\" decoding=\"async\" width=\"300\" height=\"186\" src=\"https:\/\/eurodesk.idep.org.cy\/wp-content\/uploads\/2023\/07\/logoEuropaikiDiktiakiPiliNeoleas-300x186-1.jpg\" class=\"attachment-full size-full wp-image-4907\" alt=\"\" \/>\t\t\t\t\t\t\t\t<\/a>\n\t\t\t\t\t\t\t\t\t\t\t\t\t\t\t<\/div>\n\t\t\t\t<\/div>\n\t\t\t\t\t<\/div>\n\t\t<\/div>\n\t\t\t\t\t<\/div>\n\t\t<\/section>\n\t\t\t\t<\/div>\n\t\t","protected":false},"excerpt":{"rendered":"<p>Avrupa Gen\u00e7lik Portal\u0131, Avrupa&#8217;da ya\u015fayan, okuyan ve \u00e7al\u0131\u015fan gen\u00e7leri ilgilendiren f\u0131rsatlar ve giri\u015fimler hakk\u0131nda Avrupa\u00a0 ve ulusal d\u00fczeyde bilgi sa\u011flar. Gen\u00e7lere ve ayn\u0131 zamanda gen\u00e7lik alan\u0131nda aktif olan di\u011fer payda\u015flara (gen\u00e7lik kurulu\u015flar\u0131, gen\u00e7lik \u00e7al\u0131\u015fanlar\u0131, politika yap\u0131c\u0131lar, vb.) Avrupa Gen\u00e7lik Portal\u0131nda, her biri belirli bir b\u00f6l\u00fcmde grupland\u0131r\u0131lm\u0131\u015f 4 ana i\u00e7erik t\u00fcr\u00fc bulabilirsiniz: AB gen\u00e7lik politikalar\u0131na ili\u015fkin [&hellip;]<\/p>\n","protected":false},"author":1,"featured_media":0,"parent":7156,"menu_order":15,"comment_status":"closed","ping_status":"closed","template":"","meta":{"footnotes":""},"class_list":["post-7298","page","type-page","status-publish","hentry"],"_links":{"self":[{"href":"https:\/\/eurodesk.idep.org.cy\/tr\/wp-json\/wp\/v2\/pages\/7298","targetHints":{"allow":["GET"]}}],"collection":[{"href":"https:\/\/eurodesk.idep.org.cy\/tr\/wp-json\/wp\/v2\/pages"}],"about":[{"href":"https:\/\/eurodesk.idep.org.cy\/tr\/wp-json\/wp\/v2\/types\/page"}],"author":[{"embeddable":true,"href":"https:\/\/eurodesk.idep.org.cy\/tr\/wp-json\/wp\/v2\/users\/1"}],"replies":[{"embeddable":true,"href":"https:\/\/eurodesk.idep.org.cy\/tr\/wp-json\/wp\/v2\/comments?post=7298"}],"version-history":[{"count":5,"href":"https:\/\/eurodesk.idep.org.cy\/tr\/wp-json\/wp\/v2\/pages\/7298\/revisions"}],"predecessor-version":[{"id":7440,"href":"https:\/\/eurodesk.idep.org.cy\/tr\/wp-json\/wp\/v2\/pages\/7298\/revisions\/7440"}],"up":[{"embeddable":true,"href":"https:\/\/eurodesk.idep.org.cy\/tr\/wp-json\/wp\/v2\/pages\/7156"}],"wp:attachment":[{"href":"https:\/\/eurodesk.idep.org.cy\/tr\/wp-json\/wp\/v2\/media?parent=7298"}],"curies":[{"name":"wp","href":"https:\/\/api.w.org\/{rel}","templated":true}]}}