{"id":7297,"date":"2023-07-06T15:28:08","date_gmt":"2023-07-06T12:28:08","guid":{"rendered":"https:\/\/eurodesk.idep.org.cy\/schetika-me-emas\/eurodesk-kyprou\/"},"modified":"2025-10-14T12:47:01","modified_gmt":"2025-10-14T09:47:01","slug":"eurodesk-kyprou","status":"publish","type":"page","link":"https:\/\/eurodesk.idep.org.cy\/tr\/schetika-me-emas\/eurodesk-kyprou\/","title":{"rendered":"EURODESK KIBRIS"},"content":{"rendered":"\t\t<div data-elementor-type=\"wp-page\" data-elementor-id=\"7297\" class=\"elementor elementor-7297 elementor-4730\">\n\t\t\t\t\t\t<section class=\"elementor-section elementor-top-section elementor-element elementor-element-9c4c41e elementor-section-boxed elementor-section-height-default elementor-section-height-default\" data-id=\"9c4c41e\" data-element_type=\"section\" data-e-type=\"section\">\n\t\t\t\t\t\t<div class=\"elementor-container elementor-column-gap-default\">\n\t\t\t\t\t<div class=\"elementor-column elementor-col-100 elementor-top-column elementor-element elementor-element-eb58c3e\" data-id=\"eb58c3e\" data-element_type=\"column\" data-e-type=\"column\">\n\t\t\t<div class=\"elementor-widget-wrap elementor-element-populated\">\n\t\t\t\t\t\t<div class=\"elementor-element elementor-element-cba834a elementor-widget elementor-widget-text-editor\" data-id=\"cba834a\" data-element_type=\"widget\" data-e-type=\"widget\" data-widget_type=\"text-editor.default\">\n\t\t\t\t<div class=\"elementor-widget-container\">\n\t\t\t\t\t\t\t\t\t<p>\u0130\u015f veya staj, g\u00f6n\u00fcll\u00fcl\u00fck veya de\u011fi\u015fim f\u0131rsatlar\u0131 ar\u0131yorsan\u0131z, K\u0131br\u0131s Ulusal Ofisi Eurodesk ile ileti\u015fime ge\u00e7in. Eurodesk arac\u0131l\u0131\u011f\u0131yla t\u00fcm hareketlilik f\u0131rsatlar\u0131n\u0131 tek bir merkezde bulabilir ve A\u011f ile ilgili etkinlik ve haberlerden haberdar olabilirsiniz.<\/p><p>K\u0131br\u0131s&#8217;ta Eurodesk i\u00e7in yetkili makam <a href=\"https:\/\/idep.org.cy\/\" target=\"_blank\" rel=\"noopener\">Hayat Boyu \u00d6\u011frenme Vakf\u0131&#8217;d\u0131r<\/a> (Lifelong Learning Foundation).<\/p><p>Eurodesk K\u0131br\u0131s hesab\u0131n\u0131 takip ederek <a href=\"https:\/\/www.facebook.com\/eurodesk.cy\/\" target=\"_blank\" rel=\"noopener\">Facebook<\/a> ve <a href=\"https:\/\/www.instagram.com\/eurodesk_cyprus\/\" target=\"_blank\" rel=\"noopener\">Instagram <\/a>\u00fczerinden bizimle ba\u011flant\u0131 kurun. Ayr\u0131ca bize <a href=\"mailto:eurodeskcy@eurodesk.eu\">eurodeskcy@eurodesk.eu<\/a> \u00a0adresinden, <a href=\"https:\/\/youth.europa.eu\/home_tr\" target=\"_blank\" rel=\"noopener\">Avrupa Gen\u00e7lik Portal\u0131<\/a> \u00fczerinden veya 22448888`de \u00a0telefonla ula\u015fabilirsiniz.<\/p><p>Eurodesk, Avrupa Erasmus+ Program\u0131 arac\u0131l\u0131\u011f\u0131yla Avrupa Komisyonu taraf\u0131ndan ortakla\u015fa finanse edilmektedir.<\/p>\t\t\t\t\t\t\t\t<\/div>\n\t\t\t\t<\/div>\n\t\t\t\t<div class=\"elementor-element elementor-element-7794d86 elementor-widget elementor-widget-heading\" data-id=\"7794d86\" data-element_type=\"widget\" data-e-type=\"widget\" data-widget_type=\"heading.default\">\n\t\t\t\t<div class=\"elementor-widget-container\">\n\t\t\t\t\t<h2 class=\"elementor-heading-title elementor-size-default\">Yani, sorunuz ne olursa olsun, bizimle ba\u015flay\u0131n!<\/h2>\t\t\t\t<\/div>\n\t\t\t\t<\/div>\n\t\t\t\t\t<\/div>\n\t\t<\/div>\n\t\t\t\t\t<\/div>\n\t\t<\/section>\n\t\t\t\t<section class=\"elementor-section elementor-top-section elementor-element elementor-element-41c5bd4 elementor-section-boxed elementor-section-height-default elementor-section-height-default\" data-id=\"41c5bd4\" data-element_type=\"section\" data-e-type=\"section\" id=\"diktyo\">\n\t\t\t\t\t\t<div class=\"elementor-container elementor-column-gap-default\">\n\t\t\t\t\t<div class=\"elementor-column elementor-col-100 elementor-top-column elementor-element elementor-element-b5a35d3\" data-id=\"b5a35d3\" data-element_type=\"column\" data-e-type=\"column\">\n\t\t\t<div class=\"elementor-widget-wrap elementor-element-populated\">\n\t\t\t\t\t\t<div class=\"elementor-element elementor-element-5c47406 elementor-widget elementor-widget-text-editor\" data-id=\"5c47406\" data-element_type=\"widget\" data-e-type=\"widget\" data-widget_type=\"text-editor.default\">\n\t\t\t\t<div class=\"elementor-widget-container\">\n\t\t\t\t\t\t\t\t\t<p><strong>A\u015fa\u011f\u0131da A\u011f\u0131m\u0131z\u0131n t\u00fcm bilgi noktalar\u0131n\u0131 ve \u00e7o\u011falt\u0131c\u0131lar\u0131n\u0131 bulabilirsiniz.<\/strong><\/p><p><strong>\u00c7o\u011falt\u0131c\u0131lar<\/strong><\/p><p>\u00c7o\u011falt\u0131c\u0131lar yerel, ulusal veya b\u00f6lgesel d\u00fczeyde faaliyet g\u00f6steren kurulu\u015flard\u0131r ve hareketlilik bilgilerinin destek faaliyetleri ve bilgilendirme kampanyalar\u0131 yoluyla gen\u00e7lere ula\u015fmas\u0131n\u0131 sa\u011flayan ulusal Eurodesk a\u011f\u0131n\u0131 olu\u015ftururlar.<\/p><div style=\"position: relative; height: 0; overflow: hidden; min-height: 665px;\"><iframe style=\"position: absolute; top: 0; left: 0; width: 100%; height: 100%; border-width: 0;\" src=\"https:\/\/profiles.eurodesk.eu?embedCountry=CY\" width=\"800\" height=\"665\" frameborder=\"0\"><\/iframe><\/div>\t\t\t\t\t\t\t\t<\/div>\n\t\t\t\t<\/div>\n\t\t\t\t\t<\/div>\n\t\t<\/div>\n\t\t\t\t\t<\/div>\n\t\t<\/section>\n\t\t\t\t<\/div>\n\t\t","protected":false},"excerpt":{"rendered":"<p>\u0130\u015f veya staj, g\u00f6n\u00fcll\u00fcl\u00fck veya de\u011fi\u015fim f\u0131rsatlar\u0131 ar\u0131yorsan\u0131z, K\u0131br\u0131s Ulusal Ofisi Eurodesk ile ileti\u015fime ge\u00e7in. Eurodesk arac\u0131l\u0131\u011f\u0131yla t\u00fcm hareketlilik f\u0131rsatlar\u0131n\u0131 tek bir merkezde bulabilir ve A\u011f ile ilgili etkinlik ve haberlerden haberdar olabilirsiniz. K\u0131br\u0131s&#8217;ta Eurodesk i\u00e7in yetkili makam Hayat Boyu \u00d6\u011frenme Vakf\u0131&#8217;d\u0131r (Lifelong Learning Foundation). Eurodesk K\u0131br\u0131s hesab\u0131n\u0131 takip ederek Facebook ve Instagram \u00fczerinden bizimle [&hellip;]<\/p>\n","protected":false},"author":1,"featured_media":0,"parent":7156,"menu_order":10,"comment_status":"closed","ping_status":"closed","template":"","meta":{"footnotes":""},"class_list":["post-7297","page","type-page","status-publish","hentry"],"_links":{"self":[{"href":"https:\/\/eurodesk.idep.org.cy\/tr\/wp-json\/wp\/v2\/pages\/7297","targetHints":{"allow":["GET"]}}],"collection":[{"href":"https:\/\/eurodesk.idep.org.cy\/tr\/wp-json\/wp\/v2\/pages"}],"about":[{"href":"https:\/\/eurodesk.idep.org.cy\/tr\/wp-json\/wp\/v2\/types\/page"}],"author":[{"embeddable":true,"href":"https:\/\/eurodesk.idep.org.cy\/tr\/wp-json\/wp\/v2\/users\/1"}],"replies":[{"embeddable":true,"href":"https:\/\/eurodesk.idep.org.cy\/tr\/wp-json\/wp\/v2\/comments?post=7297"}],"version-history":[{"count":14,"href":"https:\/\/eurodesk.idep.org.cy\/tr\/wp-json\/wp\/v2\/pages\/7297\/revisions"}],"predecessor-version":[{"id":7753,"href":"https:\/\/eurodesk.idep.org.cy\/tr\/wp-json\/wp\/v2\/pages\/7297\/revisions\/7753"}],"up":[{"embeddable":true,"href":"https:\/\/eurodesk.idep.org.cy\/tr\/wp-json\/wp\/v2\/pages\/7156"}],"wp:attachment":[{"href":"https:\/\/eurodesk.idep.org.cy\/tr\/wp-json\/wp\/v2\/media?parent=7297"}],"curies":[{"name":"wp","href":"https:\/\/api.w.org\/{rel}","templated":true}]}}