{"id":7163,"date":"2023-07-06T15:30:59","date_gmt":"2023-07-06T12:30:59","guid":{"rendered":"https:\/\/eurodesk.idep.org.cy\/epikoinonia\/"},"modified":"2024-02-20T16:17:41","modified_gmt":"2024-02-20T14:17:41","slug":"epikoinonia","status":"publish","type":"page","link":"https:\/\/eurodesk.idep.org.cy\/tr\/epikoinonia\/","title":{"rendered":"\u0130LET\u0130\u015e\u0130M"},"content":{"rendered":"\t\t<div data-elementor-type=\"wp-page\" data-elementor-id=\"7163\" class=\"elementor elementor-7163 elementor-4744\">\n\t\t\t\t\t\t<section class=\"elementor-section elementor-top-section elementor-element elementor-element-5483ae8 elementor-section-boxed elementor-section-height-default elementor-section-height-default\" data-id=\"5483ae8\" data-element_type=\"section\" data-e-type=\"section\">\n\t\t\t\t\t\t<div class=\"elementor-container elementor-column-gap-default\">\n\t\t\t\t\t<div class=\"elementor-column elementor-col-20 elementor-top-column elementor-element elementor-element-c75f50a\" data-id=\"c75f50a\" data-element_type=\"column\" data-e-type=\"column\">\n\t\t\t<div class=\"elementor-widget-wrap elementor-element-populated\">\n\t\t\t\t\t\t<div class=\"elementor-element elementor-element-8207eeb elementor-widget elementor-widget-image\" data-id=\"8207eeb\" data-element_type=\"widget\" data-e-type=\"widget\" data-widget_type=\"image.default\">\n\t\t\t\t<div class=\"elementor-widget-container\">\n\t\t\t\t\t\t\t\t\t\t\t\t<figure class=\"wp-caption\">\n\t\t\t\t\t\t\t\t\t\t<img decoding=\"async\" width=\"80\" height=\"80\" src=\"https:\/\/eurodesk.idep.org.cy\/wp-content\/uploads\/2023\/07\/icon_map.png\" class=\"attachment-full size-full wp-image-7175\" alt=\"\" srcset=\"https:\/\/eurodesk.idep.org.cy\/wp-content\/uploads\/2023\/07\/icon_map.png 80w, https:\/\/eurodesk.idep.org.cy\/wp-content\/uploads\/2023\/07\/icon_map-70x70.png 70w\" sizes=\"(max-width: 80px) 100vw, 80px\" \/>\t\t\t\t\t\t\t\t\t\t\t<figcaption class=\"widget-image-caption wp-caption-text\">Prodromou &amp;  Dimitrakopoulou 2, 1090 Lefko\u015fa<\/figcaption>\n\t\t\t\t\t\t\t\t\t\t<\/figure>\n\t\t\t\t\t\t\t\t\t<\/div>\n\t\t\t\t<\/div>\n\t\t\t\t\t<\/div>\n\t\t<\/div>\n\t\t\t\t<div class=\"elementor-column elementor-col-20 elementor-top-column elementor-element elementor-element-96691dd\" data-id=\"96691dd\" data-element_type=\"column\" data-e-type=\"column\">\n\t\t\t<div class=\"elementor-widget-wrap elementor-element-populated\">\n\t\t\t\t\t\t<div class=\"elementor-element elementor-element-f18f3d2 elementor-widget elementor-widget-image\" data-id=\"f18f3d2\" data-element_type=\"widget\" data-e-type=\"widget\" data-widget_type=\"image.default\">\n\t\t\t\t<div class=\"elementor-widget-container\">\n\t\t\t\t\t\t\t\t\t\t\t\t<figure class=\"wp-caption\">\n\t\t\t\t\t\t\t\t\t\t<img decoding=\"async\" width=\"80\" height=\"80\" src=\"https:\/\/eurodesk.idep.org.cy\/wp-content\/uploads\/2023\/07\/icon_tel.png\" class=\"attachment-full size-full wp-image-7164\" alt=\"\" srcset=\"https:\/\/eurodesk.idep.org.cy\/wp-content\/uploads\/2023\/07\/icon_tel.png 80w, https:\/\/eurodesk.idep.org.cy\/wp-content\/uploads\/2023\/07\/icon_tel-70x70.png 70w\" sizes=\"(max-width: 80px) 100vw, 80px\" \/>\t\t\t\t\t\t\t\t\t\t\t<figcaption class=\"widget-image-caption wp-caption-text\">+357 22448888<\/figcaption>\n\t\t\t\t\t\t\t\t\t\t<\/figure>\n\t\t\t\t\t\t\t\t\t<\/div>\n\t\t\t\t<\/div>\n\t\t\t\t\t<\/div>\n\t\t<\/div>\n\t\t\t\t<div class=\"elementor-column elementor-col-20 elementor-top-column elementor-element elementor-element-32fd7e5\" data-id=\"32fd7e5\" data-element_type=\"column\" data-e-type=\"column\">\n\t\t\t<div class=\"elementor-widget-wrap elementor-element-populated\">\n\t\t\t\t\t\t<div class=\"elementor-element elementor-element-657b509 elementor-widget elementor-widget-image\" data-id=\"657b509\" data-element_type=\"widget\" data-e-type=\"widget\" data-widget_type=\"image.default\">\n\t\t\t\t<div class=\"elementor-widget-container\">\n\t\t\t\t\t\t\t\t\t\t\t\t<figure class=\"wp-caption\">\n\t\t\t\t\t\t\t\t\t\t<img decoding=\"async\" width=\"80\" height=\"80\" src=\"https:\/\/eurodesk.idep.org.cy\/wp-content\/uploads\/2023\/07\/icon_link.png\" class=\"attachment-full size-full wp-image-7177\" alt=\"\" srcset=\"https:\/\/eurodesk.idep.org.cy\/wp-content\/uploads\/2023\/07\/icon_link.png 80w, https:\/\/eurodesk.idep.org.cy\/wp-content\/uploads\/2023\/07\/icon_link-70x70.png 70w\" sizes=\"(max-width: 80px) 100vw, 80px\" \/>\t\t\t\t\t\t\t\t\t\t\t<figcaption class=\"widget-image-caption wp-caption-text\">https:\/\/eurodesk.idep.org.cy\/ <\/figcaption>\n\t\t\t\t\t\t\t\t\t\t<\/figure>\n\t\t\t\t\t\t\t\t\t<\/div>\n\t\t\t\t<\/div>\n\t\t\t\t\t<\/div>\n\t\t<\/div>\n\t\t\t\t<div class=\"elementor-column elementor-col-20 elementor-top-column elementor-element elementor-element-f2ebe9b\" data-id=\"f2ebe9b\" data-element_type=\"column\" data-e-type=\"column\">\n\t\t\t<div class=\"elementor-widget-wrap elementor-element-populated\">\n\t\t\t\t\t\t<div class=\"elementor-element elementor-element-d302366 elementor-widget elementor-widget-image\" data-id=\"d302366\" data-element_type=\"widget\" data-e-type=\"widget\" data-widget_type=\"image.default\">\n\t\t\t\t<div class=\"elementor-widget-container\">\n\t\t\t\t\t\t\t\t\t\t\t\t<figure class=\"wp-caption\">\n\t\t\t\t\t\t\t\t\t\t<img loading=\"lazy\" decoding=\"async\" width=\"80\" height=\"80\" src=\"https:\/\/eurodesk.idep.org.cy\/wp-content\/uploads\/2023\/07\/icon_link2.png\" class=\"attachment-full size-full wp-image-7176\" alt=\"\" srcset=\"https:\/\/eurodesk.idep.org.cy\/wp-content\/uploads\/2023\/07\/icon_link2.png 80w, https:\/\/eurodesk.idep.org.cy\/wp-content\/uploads\/2023\/07\/icon_link2-70x70.png 70w\" sizes=\"(max-width: 80px) 100vw, 80px\" \/>\t\t\t\t\t\t\t\t\t\t\t<figcaption class=\"widget-image-caption wp-caption-text\">www.eurodesk.eu<\/figcaption>\n\t\t\t\t\t\t\t\t\t\t<\/figure>\n\t\t\t\t\t\t\t\t\t<\/div>\n\t\t\t\t<\/div>\n\t\t\t\t\t<\/div>\n\t\t<\/div>\n\t\t\t\t<div class=\"elementor-column elementor-col-20 elementor-top-column elementor-element elementor-element-52a346d\" data-id=\"52a346d\" data-element_type=\"column\" data-e-type=\"column\">\n\t\t\t<div class=\"elementor-widget-wrap elementor-element-populated\">\n\t\t\t\t\t\t<div class=\"elementor-element elementor-element-093a63f elementor-widget elementor-widget-image\" data-id=\"093a63f\" data-element_type=\"widget\" data-e-type=\"widget\" data-widget_type=\"image.default\">\n\t\t\t\t<div class=\"elementor-widget-container\">\n\t\t\t\t\t\t\t\t\t\t\t\t<figure class=\"wp-caption\">\n\t\t\t\t\t\t\t\t\t\t<img loading=\"lazy\" decoding=\"async\" width=\"80\" height=\"80\" src=\"https:\/\/eurodesk.idep.org.cy\/wp-content\/uploads\/2023\/07\/icon_email.png\" class=\"attachment-full size-full wp-image-7178\" alt=\"\" srcset=\"https:\/\/eurodesk.idep.org.cy\/wp-content\/uploads\/2023\/07\/icon_email.png 80w, https:\/\/eurodesk.idep.org.cy\/wp-content\/uploads\/2023\/07\/icon_email-70x70.png 70w\" sizes=\"(max-width: 80px) 100vw, 80px\" \/>\t\t\t\t\t\t\t\t\t\t\t<figcaption class=\"widget-image-caption wp-caption-text\">eurodeskcy@eurodesk.eu<\/figcaption>\n\t\t\t\t\t\t\t\t\t\t<\/figure>\n\t\t\t\t\t\t\t\t\t<\/div>\n\t\t\t\t<\/div>\n\t\t\t\t\t<\/div>\n\t\t<\/div>\n\t\t\t\t\t<\/div>\n\t\t<\/section>\n\t\t\t\t<section class=\"elementor-section elementor-top-section elementor-element elementor-element-bb2ac5b elementor-section-content-middle elementor-section-boxed elementor-section-height-default elementor-section-height-default\" data-id=\"bb2ac5b\" data-element_type=\"section\" data-e-type=\"section\">\n\t\t\t\t\t\t<div class=\"elementor-container elementor-column-gap-extended\">\n\t\t\t\t\t<div class=\"elementor-column elementor-col-50 elementor-top-column elementor-element elementor-element-01cdd06\" data-id=\"01cdd06\" data-element_type=\"column\" data-e-type=\"column\">\n\t\t\t<div class=\"elementor-widget-wrap elementor-element-populated\">\n\t\t\t\t\t\t<div class=\"elementor-element elementor-element-2023e04 elementor-widget elementor-widget-image\" data-id=\"2023e04\" data-element_type=\"widget\" data-e-type=\"widget\" data-widget_type=\"image.default\">\n\t\t\t\t<div class=\"elementor-widget-container\">\n\t\t\t\t\t\t\t\t\t\t\t\t\t\t\t\t<a href=\"https:\/\/youth.europa.eu\/ask-a-question_el?country=7%20\" target=\"_blank\">\n\t\t\t\t\t\t\t<img decoding=\"async\" src=\"https:\/\/eurodesk.idep.org.cy\/wp-content\/uploads\/elementor\/thumbs\/logoEuropaikiDiktiakiPiliNeoleas-qhh5vxkd3llml64an54epko6rfyhkst90xplo856x0.jpg\" title=\"logoEuropaikiDiktiakiPiliNeoleas\" alt=\"logoEuropaikiDiktiakiPiliNeoleas\" loading=\"lazy\" \/>\t\t\t\t\t\t\t\t<\/a>\n\t\t\t\t\t\t\t\t\t\t\t\t\t\t\t<\/div>\n\t\t\t\t<\/div>\n\t\t\t\t\t<\/div>\n\t\t<\/div>\n\t\t\t\t<div class=\"elementor-column elementor-col-50 elementor-top-column elementor-element elementor-element-c8b58c0\" data-id=\"c8b58c0\" data-element_type=\"column\" data-e-type=\"column\">\n\t\t\t<div class=\"elementor-widget-wrap elementor-element-populated\">\n\t\t\t\t\t\t<div class=\"elementor-element elementor-element-32846e2 elementor-widget elementor-widget-heading\" data-id=\"32846e2\" data-element_type=\"widget\" data-e-type=\"widget\" data-widget_type=\"heading.default\">\n\t\t\t\t<div class=\"elementor-widget-container\">\n\t\t\t\t\t<h4 class=\"elementor-heading-title elementor-size-default\">Avrupa Gen\u00e7lik Portal\u0131'ndaki anketi de doldurabilece\u011finizi ve 3 i\u015f g\u00fcn\u00fc i\u00e7inde yan\u0131t alaca\u011f\u0131n\u0131z\u0131 unutmay\u0131n.<\/h4>\t\t\t\t<\/div>\n\t\t\t\t<\/div>\n\t\t\t\t\t<\/div>\n\t\t<\/div>\n\t\t\t\t\t<\/div>\n\t\t<\/section>\n\t\t\t\t<\/div>\n\t\t","protected":false},"excerpt":{"rendered":"<p>Prodromou &amp; Dimitrakopoulou 2, 1090 Lefko\u015fa +357 22448888 https:\/\/eurodesk.idep.org.cy\/ www.eurodesk.eu eurodeskcy@eurodesk.eu Avrupa Gen\u00e7lik Portal\u0131&#8217;ndaki anketi de doldurabilece\u011finizi ve 3 i\u015f g\u00fcn\u00fc i\u00e7inde yan\u0131t alaca\u011f\u0131n\u0131z\u0131 unutmay\u0131n.<\/p>\n","protected":false},"author":1,"featured_media":0,"parent":0,"menu_order":77,"comment_status":"closed","ping_status":"closed","template":"","meta":{"footnotes":""},"class_list":["post-7163","page","type-page","status-publish","hentry"],"_links":{"self":[{"href":"https:\/\/eurodesk.idep.org.cy\/tr\/wp-json\/wp\/v2\/pages\/7163","targetHints":{"allow":["GET"]}}],"collection":[{"href":"https:\/\/eurodesk.idep.org.cy\/tr\/wp-json\/wp\/v2\/pages"}],"about":[{"href":"https:\/\/eurodesk.idep.org.cy\/tr\/wp-json\/wp\/v2\/types\/page"}],"author":[{"embeddable":true,"href":"https:\/\/eurodesk.idep.org.cy\/tr\/wp-json\/wp\/v2\/users\/1"}],"replies":[{"embeddable":true,"href":"https:\/\/eurodesk.idep.org.cy\/tr\/wp-json\/wp\/v2\/comments?post=7163"}],"version-history":[{"count":5,"href":"https:\/\/eurodesk.idep.org.cy\/tr\/wp-json\/wp\/v2\/pages\/7163\/revisions"}],"predecessor-version":[{"id":7473,"href":"https:\/\/eurodesk.idep.org.cy\/tr\/wp-json\/wp\/v2\/pages\/7163\/revisions\/7473"}],"wp:attachment":[{"href":"https:\/\/eurodesk.idep.org.cy\/tr\/wp-json\/wp\/v2\/media?parent=7163"}],"curies":[{"name":"wp","href":"https:\/\/api.w.org\/{rel}","templated":true}]}}