{"id":7159,"date":"2023-07-06T15:29:32","date_gmt":"2023-07-06T12:29:32","guid":{"rendered":"https:\/\/eurodesk.idep.org.cy\/efkairies\/youth-stories\/"},"modified":"2024-03-04T14:46:48","modified_gmt":"2024-03-04T12:46:48","slug":"youth-stories","status":"publish","type":"page","link":"https:\/\/eurodesk.idep.org.cy\/tr\/efkairies\/youth-stories\/","title":{"rendered":"GEN\u00c7LI\u0307K HI\u0307KAYELERI\u0307"},"content":{"rendered":"\t\t<div data-elementor-type=\"wp-page\" data-elementor-id=\"7159\" class=\"elementor elementor-7159 elementor-4736\">\n\t\t\t\t\t\t<section class=\"elementor-section elementor-top-section elementor-element elementor-element-041bd1d elementor-section-boxed elementor-section-height-default elementor-section-height-default\" data-id=\"041bd1d\" data-element_type=\"section\" data-e-type=\"section\">\n\t\t\t\t\t\t<div class=\"elementor-container elementor-column-gap-default\">\n\t\t\t\t\t<div class=\"elementor-column elementor-col-100 elementor-top-column elementor-element elementor-element-a571a20\" data-id=\"a571a20\" data-element_type=\"column\" data-e-type=\"column\">\n\t\t\t<div class=\"elementor-widget-wrap elementor-element-populated\">\n\t\t\t\t\t\t<div class=\"elementor-element elementor-element-f0b70bd elementor-widget elementor-widget-text-editor\" data-id=\"f0b70bd\" data-element_type=\"widget\" data-e-type=\"widget\" data-widget_type=\"text-editor.default\">\n\t\t\t\t<div class=\"elementor-widget-container\">\n\t\t\t\t\t\t\t\t\t<p><strong>Gen\u00e7lik <\/strong> <strong>Hikayeleri<\/strong><\/p><p>K\u0131br\u0131s&#8217;tan insanlar\u0131n hareketlilik deneyimlerini okuyun ve kendi yolculu\u011funuza ba\u015flamadan \u00f6nce fikir al\u0131n!<\/p>\t\t\t\t\t\t\t\t<\/div>\n\t\t\t\t<\/div>\n\t\t\t\t\t<\/div>\n\t\t<\/div>\n\t\t\t\t\t<\/div>\n\t\t<\/section>\n\t\t\t\t<section class=\"elementor-section elementor-top-section elementor-element elementor-element-d3ad662 elementor-section-boxed elementor-section-height-default elementor-section-height-default\" data-id=\"d3ad662\" data-element_type=\"section\" data-e-type=\"section\">\n\t\t\t\t\t\t<div class=\"elementor-container elementor-column-gap-default\">\n\t\t\t\t\t<div class=\"elementor-column elementor-col-33 elementor-top-column elementor-element elementor-element-4cdd845\" data-id=\"4cdd845\" data-element_type=\"column\" data-e-type=\"column\">\n\t\t\t<div class=\"elementor-widget-wrap elementor-element-populated\">\n\t\t\t\t\t\t<div class=\"elementor-element elementor-element-fb699c4 elementor-align-start elementor-icon-list--layout-traditional elementor-list-item-link-full_width elementor-widget elementor-widget-icon-list\" data-id=\"fb699c4\" data-element_type=\"widget\" data-e-type=\"widget\" data-widget_type=\"icon-list.default\">\n\t\t\t\t<div class=\"elementor-widget-container\">\n\t\t\t\t\t\t\t<ul class=\"elementor-icon-list-items\">\n\t\t\t\t\t\t\t<li class=\"elementor-icon-list-item\">\n\t\t\t\t\t\t\t\t\t\t\t<a href=\"https:\/\/eurodesk.idep.org.cy\/tr\/efkairies\/youth-stories\/ergasia-mathisi\/\">\n\n\t\t\t\t\t\t\t\t\t\t\t\t<span class=\"elementor-icon-list-icon\">\n\t\t\t\t\t\t\t<i aria-hidden=\"true\" class=\"fas fa-suitcase\"><\/i>\t\t\t\t\t\t<\/span>\n\t\t\t\t\t\t\t\t\t\t<span class=\"elementor-icon-list-text\">\u0130\u015f\/\u00d6\u011frenim<\/span>\n\t\t\t\t\t\t\t\t\t\t\t<\/a>\n\t\t\t\t\t\t\t\t\t<\/li>\n\t\t\t\t\t\t<\/ul>\n\t\t\t\t\t\t<\/div>\n\t\t\t\t<\/div>\n\t\t\t\t<div class=\"elementor-element elementor-element-e1bdad8 elementor-widget elementor-widget-image\" data-id=\"e1bdad8\" data-element_type=\"widget\" data-e-type=\"widget\" data-widget_type=\"image.default\">\n\t\t\t\t<div class=\"elementor-widget-container\">\n\t\t\t\t\t\t\t\t\t\t\t\t\t\t\t\t<a href=\"https:\/\/eurodesk.idep.org.cy\/tr\/efkairies\/youth-stories\/ergasia-mathisi\/\">\n\t\t\t\t\t\t\t<img fetchpriority=\"high\" decoding=\"async\" width=\"300\" height=\"300\" src=\"https:\/\/eurodesk.idep.org.cy\/wp-content\/uploads\/2023\/07\/Untitled-design-13-300x300-1.png\" class=\"attachment-full size-full wp-image-7171\" alt=\"\" srcset=\"https:\/\/eurodesk.idep.org.cy\/wp-content\/uploads\/2023\/07\/Untitled-design-13-300x300-1.png 300w, https:\/\/eurodesk.idep.org.cy\/wp-content\/uploads\/2023\/07\/Untitled-design-13-300x300-1-150x150.png 150w, https:\/\/eurodesk.idep.org.cy\/wp-content\/uploads\/2023\/07\/Untitled-design-13-300x300-1-70x70.png 70w, https:\/\/eurodesk.idep.org.cy\/wp-content\/uploads\/2023\/07\/Untitled-design-13-300x300-1-140x140.png 140w, https:\/\/eurodesk.idep.org.cy\/wp-content\/uploads\/2023\/07\/Untitled-design-13-300x300-1-90x90.png 90w, https:\/\/eurodesk.idep.org.cy\/wp-content\/uploads\/2023\/07\/Untitled-design-13-300x300-1-170x170.png 170w, https:\/\/eurodesk.idep.org.cy\/wp-content\/uploads\/2023\/07\/Untitled-design-13-300x300-1-100x100.png 100w\" sizes=\"(max-width: 300px) 100vw, 300px\" \/>\t\t\t\t\t\t\t\t<\/a>\n\t\t\t\t\t\t\t\t\t\t\t\t\t\t\t<\/div>\n\t\t\t\t<\/div>\n\t\t\t\t\t<\/div>\n\t\t<\/div>\n\t\t\t\t<div class=\"elementor-column elementor-col-33 elementor-top-column elementor-element elementor-element-85a55cb\" data-id=\"85a55cb\" data-element_type=\"column\" data-e-type=\"column\">\n\t\t\t<div class=\"elementor-widget-wrap elementor-element-populated\">\n\t\t\t\t\t\t<div class=\"elementor-element elementor-element-2ae42f2 elementor-align-start elementor-icon-list--layout-traditional elementor-list-item-link-full_width elementor-widget elementor-widget-icon-list\" data-id=\"2ae42f2\" data-element_type=\"widget\" data-e-type=\"widget\" data-widget_type=\"icon-list.default\">\n\t\t\t\t<div class=\"elementor-widget-container\">\n\t\t\t\t\t\t\t<ul class=\"elementor-icon-list-items\">\n\t\t\t\t\t\t\t<li class=\"elementor-icon-list-item\">\n\t\t\t\t\t\t\t\t\t\t\t<a href=\"https:\/\/eurodesk.idep.org.cy\/tr\/efkairies\/youth-stories\/ethelontismos\/\">\n\n\t\t\t\t\t\t\t\t\t\t\t\t<span class=\"elementor-icon-list-icon\">\n\t\t\t\t\t\t\t<i aria-hidden=\"true\" class=\"fas fa-heart\"><\/i>\t\t\t\t\t\t<\/span>\n\t\t\t\t\t\t\t\t\t\t<span class=\"elementor-icon-list-text\">G\u00f6n\u00fcll\u00fcl\u00fck<\/span>\n\t\t\t\t\t\t\t\t\t\t\t<\/a>\n\t\t\t\t\t\t\t\t\t<\/li>\n\t\t\t\t\t\t<\/ul>\n\t\t\t\t\t\t<\/div>\n\t\t\t\t<\/div>\n\t\t\t\t<div class=\"elementor-element elementor-element-41f5737 elementor-widget elementor-widget-image\" data-id=\"41f5737\" data-element_type=\"widget\" data-e-type=\"widget\" data-widget_type=\"image.default\">\n\t\t\t\t<div class=\"elementor-widget-container\">\n\t\t\t\t\t\t\t\t\t\t\t\t\t\t\t\t<a href=\"https:\/\/eurodesk.idep.org.cy\/tr\/efkairies\/youth-stories\/ethelontismos\/\">\n\t\t\t\t\t\t\t<img decoding=\"async\" width=\"300\" height=\"300\" src=\"https:\/\/eurodesk.idep.org.cy\/wp-content\/uploads\/2023\/07\/Untitled-design-15-300x300-1.png\" class=\"attachment-full size-full wp-image-7170\" alt=\"\" srcset=\"https:\/\/eurodesk.idep.org.cy\/wp-content\/uploads\/2023\/07\/Untitled-design-15-300x300-1.png 300w, https:\/\/eurodesk.idep.org.cy\/wp-content\/uploads\/2023\/07\/Untitled-design-15-300x300-1-150x150.png 150w, https:\/\/eurodesk.idep.org.cy\/wp-content\/uploads\/2023\/07\/Untitled-design-15-300x300-1-70x70.png 70w, https:\/\/eurodesk.idep.org.cy\/wp-content\/uploads\/2023\/07\/Untitled-design-15-300x300-1-140x140.png 140w, https:\/\/eurodesk.idep.org.cy\/wp-content\/uploads\/2023\/07\/Untitled-design-15-300x300-1-90x90.png 90w, https:\/\/eurodesk.idep.org.cy\/wp-content\/uploads\/2023\/07\/Untitled-design-15-300x300-1-170x170.png 170w, https:\/\/eurodesk.idep.org.cy\/wp-content\/uploads\/2023\/07\/Untitled-design-15-300x300-1-100x100.png 100w\" sizes=\"(max-width: 300px) 100vw, 300px\" \/>\t\t\t\t\t\t\t\t<\/a>\n\t\t\t\t\t\t\t\t\t\t\t\t\t\t\t<\/div>\n\t\t\t\t<\/div>\n\t\t\t\t\t<\/div>\n\t\t<\/div>\n\t\t\t\t<div class=\"elementor-column elementor-col-33 elementor-top-column elementor-element elementor-element-5895cdd\" data-id=\"5895cdd\" data-element_type=\"column\" data-e-type=\"column\">\n\t\t\t<div class=\"elementor-widget-wrap elementor-element-populated\">\n\t\t\t\t\t\t<div class=\"elementor-element elementor-element-e05cf7f elementor-align-start elementor-icon-list--layout-traditional elementor-list-item-link-full_width elementor-widget elementor-widget-icon-list\" data-id=\"e05cf7f\" data-element_type=\"widget\" data-e-type=\"widget\" data-widget_type=\"icon-list.default\">\n\t\t\t\t<div class=\"elementor-widget-container\">\n\t\t\t\t\t\t\t<ul class=\"elementor-icon-list-items\">\n\t\t\t\t\t\t\t<li class=\"elementor-icon-list-item\">\n\t\t\t\t\t\t\t\t\t\t\t<a href=\"https:\/\/eurodesk.idep.org.cy\/tr\/efkairies\/youth-stories\/symmetochi\/\">\n\n\t\t\t\t\t\t\t\t\t\t\t\t<span class=\"elementor-icon-list-icon\">\n\t\t\t\t\t\t\t<i aria-hidden=\"true\" class=\"fas fa-trophy\"><\/i>\t\t\t\t\t\t<\/span>\n\t\t\t\t\t\t\t\t\t\t<span class=\"elementor-icon-list-text\">Kat\u0131l\u0131m<\/span>\n\t\t\t\t\t\t\t\t\t\t\t<\/a>\n\t\t\t\t\t\t\t\t\t<\/li>\n\t\t\t\t\t\t<\/ul>\n\t\t\t\t\t\t<\/div>\n\t\t\t\t<\/div>\n\t\t\t\t<div class=\"elementor-element elementor-element-2825282 elementor-widget elementor-widget-image\" data-id=\"2825282\" data-element_type=\"widget\" data-e-type=\"widget\" data-widget_type=\"image.default\">\n\t\t\t\t<div class=\"elementor-widget-container\">\n\t\t\t\t\t\t\t\t\t\t\t\t\t\t\t\t<a href=\"https:\/\/eurodesk.idep.org.cy\/tr\/efkairies\/youth-stories\/symmetochi\/\">\n\t\t\t\t\t\t\t<img decoding=\"async\" width=\"300\" height=\"300\" src=\"https:\/\/eurodesk.idep.org.cy\/wp-content\/uploads\/2023\/07\/Untitled-design-16-300x300-1.png\" class=\"attachment-full size-full wp-image-7169\" alt=\"\" srcset=\"https:\/\/eurodesk.idep.org.cy\/wp-content\/uploads\/2023\/07\/Untitled-design-16-300x300-1.png 300w, https:\/\/eurodesk.idep.org.cy\/wp-content\/uploads\/2023\/07\/Untitled-design-16-300x300-1-150x150.png 150w, https:\/\/eurodesk.idep.org.cy\/wp-content\/uploads\/2023\/07\/Untitled-design-16-300x300-1-70x70.png 70w, https:\/\/eurodesk.idep.org.cy\/wp-content\/uploads\/2023\/07\/Untitled-design-16-300x300-1-140x140.png 140w, https:\/\/eurodesk.idep.org.cy\/wp-content\/uploads\/2023\/07\/Untitled-design-16-300x300-1-90x90.png 90w, https:\/\/eurodesk.idep.org.cy\/wp-content\/uploads\/2023\/07\/Untitled-design-16-300x300-1-170x170.png 170w, https:\/\/eurodesk.idep.org.cy\/wp-content\/uploads\/2023\/07\/Untitled-design-16-300x300-1-100x100.png 100w\" sizes=\"(max-width: 300px) 100vw, 300px\" \/>\t\t\t\t\t\t\t\t<\/a>\n\t\t\t\t\t\t\t\t\t\t\t\t\t\t\t<\/div>\n\t\t\t\t<\/div>\n\t\t\t\t\t<\/div>\n\t\t<\/div>\n\t\t\t\t\t<\/div>\n\t\t<\/section>\n\t\t\t\t<section class=\"elementor-section elementor-top-section elementor-element elementor-element-2269a8d elementor-section-boxed elementor-section-height-default elementor-section-height-default\" data-id=\"2269a8d\" data-element_type=\"section\" data-e-type=\"section\">\n\t\t\t\t\t\t<div class=\"elementor-container elementor-column-gap-default\">\n\t\t\t\t\t<div class=\"elementor-column elementor-col-33 elementor-top-column elementor-element elementor-element-1e8efab\" data-id=\"1e8efab\" data-element_type=\"column\" data-e-type=\"column\">\n\t\t\t<div class=\"elementor-widget-wrap elementor-element-populated\">\n\t\t\t\t\t\t<div class=\"elementor-element elementor-element-014cbc7 elementor-align-start elementor-icon-list--layout-traditional elementor-list-item-link-full_width elementor-widget elementor-widget-icon-list\" data-id=\"014cbc7\" data-element_type=\"widget\" data-e-type=\"widget\" data-widget_type=\"icon-list.default\">\n\t\t\t\t<div class=\"elementor-widget-container\">\n\t\t\t\t\t\t\t<ul class=\"elementor-icon-list-items\">\n\t\t\t\t\t\t\t<li class=\"elementor-icon-list-item\">\n\t\t\t\t\t\t\t\t\t\t\t<a href=\"https:\/\/eurodesk.idep.org.cy\/tr\/efkairies\/youth-stories\/antallages-neon\/\">\n\n\t\t\t\t\t\t\t\t\t\t\t\t<span class=\"elementor-icon-list-icon\">\n\t\t\t\t\t\t\t<i aria-hidden=\"true\" class=\"fas fa-map-signs\"><\/i>\t\t\t\t\t\t<\/span>\n\t\t\t\t\t\t\t\t\t\t<span class=\"elementor-icon-list-text\">Gen\u00e7lik De\u011fi\u015fimleri<\/span>\n\t\t\t\t\t\t\t\t\t\t\t<\/a>\n\t\t\t\t\t\t\t\t\t<\/li>\n\t\t\t\t\t\t<\/ul>\n\t\t\t\t\t\t<\/div>\n\t\t\t\t<\/div>\n\t\t\t\t<div class=\"elementor-element elementor-element-2d4ff46 elementor-widget elementor-widget-image\" data-id=\"2d4ff46\" data-element_type=\"widget\" data-e-type=\"widget\" data-widget_type=\"image.default\">\n\t\t\t\t<div class=\"elementor-widget-container\">\n\t\t\t\t\t\t\t\t\t\t\t\t\t\t\t\t<a href=\"https:\/\/eurodesk.idep.org.cy\/tr\/efkairies\/youth-stories\/antallages-neon\/\">\n\t\t\t\t\t\t\t<img loading=\"lazy\" decoding=\"async\" width=\"300\" height=\"300\" src=\"https:\/\/eurodesk.idep.org.cy\/wp-content\/uploads\/2023\/07\/Untitled-design-32-300x300-1.png\" class=\"attachment-full size-full wp-image-7160\" alt=\"\" srcset=\"https:\/\/eurodesk.idep.org.cy\/wp-content\/uploads\/2023\/07\/Untitled-design-32-300x300-1.png 300w, https:\/\/eurodesk.idep.org.cy\/wp-content\/uploads\/2023\/07\/Untitled-design-32-300x300-1-150x150.png 150w, https:\/\/eurodesk.idep.org.cy\/wp-content\/uploads\/2023\/07\/Untitled-design-32-300x300-1-70x70.png 70w, https:\/\/eurodesk.idep.org.cy\/wp-content\/uploads\/2023\/07\/Untitled-design-32-300x300-1-140x140.png 140w, https:\/\/eurodesk.idep.org.cy\/wp-content\/uploads\/2023\/07\/Untitled-design-32-300x300-1-90x90.png 90w, https:\/\/eurodesk.idep.org.cy\/wp-content\/uploads\/2023\/07\/Untitled-design-32-300x300-1-170x170.png 170w, https:\/\/eurodesk.idep.org.cy\/wp-content\/uploads\/2023\/07\/Untitled-design-32-300x300-1-100x100.png 100w\" sizes=\"(max-width: 300px) 100vw, 300px\" \/>\t\t\t\t\t\t\t\t<\/a>\n\t\t\t\t\t\t\t\t\t\t\t\t\t\t\t<\/div>\n\t\t\t\t<\/div>\n\t\t\t\t\t<\/div>\n\t\t<\/div>\n\t\t\t\t<div class=\"elementor-column elementor-col-33 elementor-top-column elementor-element elementor-element-609b289\" data-id=\"609b289\" data-element_type=\"column\" data-e-type=\"column\">\n\t\t\t<div class=\"elementor-widget-wrap elementor-element-populated\">\n\t\t\t\t\t\t<div class=\"elementor-element elementor-element-ea79d74 elementor-align-start elementor-icon-list--layout-traditional elementor-list-item-link-full_width elementor-widget elementor-widget-icon-list\" data-id=\"ea79d74\" data-element_type=\"widget\" data-e-type=\"widget\" data-widget_type=\"icon-list.default\">\n\t\t\t\t<div class=\"elementor-widget-container\">\n\t\t\t\t\t\t\t<ul class=\"elementor-icon-list-items\">\n\t\t\t\t\t\t\t<li class=\"elementor-icon-list-item\">\n\t\t\t\t\t\t\t\t\t\t\t<a href=\"https:\/\/eurodesk.idep.org.cy\/tr\/efkairies\/youth-stories\/discovereu\/\">\n\n\t\t\t\t\t\t\t\t\t\t\t\t<span class=\"elementor-icon-list-icon\">\n\t\t\t\t\t\t\t<i aria-hidden=\"true\" class=\"fas fa-map-marker-alt\"><\/i>\t\t\t\t\t\t<\/span>\n\t\t\t\t\t\t\t\t\t\t<span class=\"elementor-icon-list-text\">DiscoverEU<\/span>\n\t\t\t\t\t\t\t\t\t\t\t<\/a>\n\t\t\t\t\t\t\t\t\t<\/li>\n\t\t\t\t\t\t<\/ul>\n\t\t\t\t\t\t<\/div>\n\t\t\t\t<\/div>\n\t\t\t\t<div class=\"elementor-element elementor-element-e3a73cd elementor-widget elementor-widget-image\" data-id=\"e3a73cd\" data-element_type=\"widget\" data-e-type=\"widget\" data-widget_type=\"image.default\">\n\t\t\t\t<div class=\"elementor-widget-container\">\n\t\t\t\t\t\t\t\t\t\t\t\t\t\t\t\t<a href=\"https:\/\/eurodesk.idep.org.cy\/tr\/efkairies\/youth-stories\/discovereu\/\">\n\t\t\t\t\t\t\t<img loading=\"lazy\" decoding=\"async\" width=\"300\" height=\"300\" src=\"https:\/\/eurodesk.idep.org.cy\/wp-content\/uploads\/2023\/07\/Untitled-design-17-1-300x300-1.png\" class=\"attachment-full size-full wp-image-7168\" alt=\"\" srcset=\"https:\/\/eurodesk.idep.org.cy\/wp-content\/uploads\/2023\/07\/Untitled-design-17-1-300x300-1.png 300w, https:\/\/eurodesk.idep.org.cy\/wp-content\/uploads\/2023\/07\/Untitled-design-17-1-300x300-1-150x150.png 150w, https:\/\/eurodesk.idep.org.cy\/wp-content\/uploads\/2023\/07\/Untitled-design-17-1-300x300-1-70x70.png 70w, https:\/\/eurodesk.idep.org.cy\/wp-content\/uploads\/2023\/07\/Untitled-design-17-1-300x300-1-140x140.png 140w, https:\/\/eurodesk.idep.org.cy\/wp-content\/uploads\/2023\/07\/Untitled-design-17-1-300x300-1-90x90.png 90w, https:\/\/eurodesk.idep.org.cy\/wp-content\/uploads\/2023\/07\/Untitled-design-17-1-300x300-1-170x170.png 170w, https:\/\/eurodesk.idep.org.cy\/wp-content\/uploads\/2023\/07\/Untitled-design-17-1-300x300-1-100x100.png 100w\" sizes=\"(max-width: 300px) 100vw, 300px\" \/>\t\t\t\t\t\t\t\t<\/a>\n\t\t\t\t\t\t\t\t\t\t\t\t\t\t\t<\/div>\n\t\t\t\t<\/div>\n\t\t\t\t\t<\/div>\n\t\t<\/div>\n\t\t\t\t<div class=\"elementor-column elementor-col-33 elementor-top-column elementor-element elementor-element-af32314\" data-id=\"af32314\" data-element_type=\"column\" data-e-type=\"column\">\n\t\t\t<div class=\"elementor-widget-wrap elementor-element-populated\">\n\t\t\t\t\t\t<div class=\"elementor-element elementor-element-426f0a1 elementor-align-start elementor-icon-list--layout-traditional elementor-list-item-link-full_width elementor-widget elementor-widget-icon-list\" data-id=\"426f0a1\" data-element_type=\"widget\" data-e-type=\"widget\" data-widget_type=\"icon-list.default\">\n\t\t\t\t<div class=\"elementor-widget-container\">\n\t\t\t\t\t\t\t<ul class=\"elementor-icon-list-items\">\n\t\t\t\t\t\t\t<li class=\"elementor-icon-list-item\">\n\t\t\t\t\t\t\t\t\t\t\t<a href=\"https:\/\/eurodesk.idep.org.cy\/tr\/efkairies\/youth-stories\/multipliers-stories\/\">\n\n\t\t\t\t\t\t\t\t\t\t\t\t<span class=\"elementor-icon-list-icon\">\n\t\t\t\t\t\t\t<i aria-hidden=\"true\" class=\"fas fa-suitcase\"><\/i>\t\t\t\t\t\t<\/span>\n\t\t\t\t\t\t\t\t\t\t<span class=\"elementor-icon-list-text\">\u00c7o\u011falt\u0131c\u0131lar\u0131n Hikayeleri<\/span>\n\t\t\t\t\t\t\t\t\t\t\t<\/a>\n\t\t\t\t\t\t\t\t\t<\/li>\n\t\t\t\t\t\t<\/ul>\n\t\t\t\t\t\t<\/div>\n\t\t\t\t<\/div>\n\t\t\t\t<div class=\"elementor-element elementor-element-8ba7a8c elementor-widget elementor-widget-image\" data-id=\"8ba7a8c\" data-element_type=\"widget\" data-e-type=\"widget\" data-widget_type=\"image.default\">\n\t\t\t\t<div class=\"elementor-widget-container\">\n\t\t\t\t\t\t\t\t\t\t\t\t\t\t\t\t<a href=\"https:\/\/eurodesk.idep.org.cy\/tr\/efkairies\/youth-stories\/multipliers-stories\/\">\n\t\t\t\t\t\t\t<img loading=\"lazy\" decoding=\"async\" width=\"300\" height=\"300\" src=\"https:\/\/eurodesk.idep.org.cy\/wp-content\/uploads\/2023\/07\/Untitled-design-31-300x300-1.png\" class=\"attachment-full size-full wp-image-7167\" alt=\"\" srcset=\"https:\/\/eurodesk.idep.org.cy\/wp-content\/uploads\/2023\/07\/Untitled-design-31-300x300-1.png 300w, https:\/\/eurodesk.idep.org.cy\/wp-content\/uploads\/2023\/07\/Untitled-design-31-300x300-1-150x150.png 150w, https:\/\/eurodesk.idep.org.cy\/wp-content\/uploads\/2023\/07\/Untitled-design-31-300x300-1-70x70.png 70w, https:\/\/eurodesk.idep.org.cy\/wp-content\/uploads\/2023\/07\/Untitled-design-31-300x300-1-140x140.png 140w, https:\/\/eurodesk.idep.org.cy\/wp-content\/uploads\/2023\/07\/Untitled-design-31-300x300-1-90x90.png 90w, https:\/\/eurodesk.idep.org.cy\/wp-content\/uploads\/2023\/07\/Untitled-design-31-300x300-1-170x170.png 170w, https:\/\/eurodesk.idep.org.cy\/wp-content\/uploads\/2023\/07\/Untitled-design-31-300x300-1-100x100.png 100w\" sizes=\"(max-width: 300px) 100vw, 300px\" \/>\t\t\t\t\t\t\t\t<\/a>\n\t\t\t\t\t\t\t\t\t\t\t\t\t\t\t<\/div>\n\t\t\t\t<\/div>\n\t\t\t\t\t<\/div>\n\t\t<\/div>\n\t\t\t\t\t<\/div>\n\t\t<\/section>\n\t\t\t\t<\/div>\n\t\t","protected":false},"excerpt":{"rendered":"<p>Gen\u00e7lik Hikayeleri K\u0131br\u0131s&#8217;tan insanlar\u0131n hareketlilik deneyimlerini okuyun ve kendi yolculu\u011funuza ba\u015flamadan \u00f6nce fikir al\u0131n! \u0130\u015f\/\u00d6\u011frenim G\u00f6n\u00fcll\u00fcl\u00fck Kat\u0131l\u0131m Gen\u00e7lik De\u011fi\u015fimleri DiscoverEU \u00c7o\u011falt\u0131c\u0131lar\u0131n Hikayeleri<\/p>\n","protected":false},"author":1,"featured_media":0,"parent":7158,"menu_order":31,"comment_status":"closed","ping_status":"closed","template":"","meta":{"footnotes":""},"class_list":["post-7159","page","type-page","status-publish","hentry"],"_links":{"self":[{"href":"https:\/\/eurodesk.idep.org.cy\/tr\/wp-json\/wp\/v2\/pages\/7159","targetHints":{"allow":["GET"]}}],"collection":[{"href":"https:\/\/eurodesk.idep.org.cy\/tr\/wp-json\/wp\/v2\/pages"}],"about":[{"href":"https:\/\/eurodesk.idep.org.cy\/tr\/wp-json\/wp\/v2\/types\/page"}],"author":[{"embeddable":true,"href":"https:\/\/eurodesk.idep.org.cy\/tr\/wp-json\/wp\/v2\/users\/1"}],"replies":[{"embeddable":true,"href":"https:\/\/eurodesk.idep.org.cy\/tr\/wp-json\/wp\/v2\/comments?post=7159"}],"version-history":[{"count":8,"href":"https:\/\/eurodesk.idep.org.cy\/tr\/wp-json\/wp\/v2\/pages\/7159\/revisions"}],"predecessor-version":[{"id":7531,"href":"https:\/\/eurodesk.idep.org.cy\/tr\/wp-json\/wp\/v2\/pages\/7159\/revisions\/7531"}],"up":[{"embeddable":true,"href":"https:\/\/eurodesk.idep.org.cy\/tr\/wp-json\/wp\/v2\/pages\/7158"}],"wp:attachment":[{"href":"https:\/\/eurodesk.idep.org.cy\/tr\/wp-json\/wp\/v2\/media?parent=7159"}],"curies":[{"name":"wp","href":"https:\/\/api.w.org\/{rel}","templated":true}]}}